{"id":9930,"date":"2022-12-20T12:21:10","date_gmt":"2022-12-20T12:21:10","guid":{"rendered":"https:\/\/biophe.com\/product\/greeny\/"},"modified":"2026-02-09T09:45:32","modified_gmt":"2026-02-09T09:45:32","slug":"greeny","status":"publish","type":"product","link":"https:\/\/biophe.com\/fr\/produit\/greeny\/","title":{"rendered":"Greeny"},"content":{"rendered":"<p><span style=\"color: #000000;\">Greeny agit naturellement pour soulager les sympt\u00f4mes du syndrome du c\u00f4lon irritable.<\/span><br \/>\n<span style=\"color: #000000;\">Greeny aide \u00e0 am\u00e9liorer la fonction gastro-intestinale.<\/span><br \/>\n<span style=\"color: #000000;\">Greeny soulage les ballonnements et la dyspepsie.<\/span><br \/>\n<span style=\"color: #000000;\">Greeny est 100% naturel.<\/span><br \/>\n<span style=\"color: #000000;\">Les composants naturels de Greeny sont recommand\u00e9s par toutes les communaut\u00e9s scientifiques comme les meilleures options naturelles pour soulager les ballonnements, la dyspepsie et traiter le syndrome du c\u00f4lon irritable.<\/span><br \/>\n<span style=\"color: #000000;\">Formule de Greeny:<\/span><\/p>\n<ul>\n<li><span style=\"color: #000000;\">\u00a0 \u00a0Huile de menthe poivr\u00e9e (56 mg)<\/span><\/li>\n<li><span style=\"color: #000000;\">\u00a0 \u00a0Huile d&rsquo;anis (100 mg)<\/span><\/li>\n<\/ul>\n<p><span style=\"color: #000000;\">Greeny agit naturellement pour soulager les sympt\u00f4mes du syndrome du c\u00f4lon irritable en aidant \u00e0 d\u00e9tendre les muscles de l&rsquo;intestin pour r\u00e9duire les sensations d&rsquo;inconfort, de ballonnement et de gaz pi\u00e9g\u00e9s. Ces effets peuvent aider \u00e0 r\u00e9tablir la fr\u00e9quence normale des mouvements intestinaux.<\/span><br \/>\n<span style=\"color: #000000;\">Greeny convient aux adultes \u00e2g\u00e9s de 15 ans et plus.<\/span><br \/>\n<span style=\"color: #000000;\">Greeny est disponible en bo\u00eete contenant 20 capsules souples (2 plaquettes de 10 capsules).<\/span><\/p>\n","protected":false},"excerpt":{"rendered":"<p><span style=\"color: #000000;\"><b>Greeny agit naturellement pour soulager les sympt\u00f4mes du syndrome de l&rsquo;intestin irritable.<\/b><\/span><\/p>\n<ul>\n<li style=\"list-style-type: none;\">\n<ul>\n<li><span style=\"color: #000000;\">Greeny aide \u00e0 am\u00e9liorer la fonction gastro-intestinale.<\/span><\/li>\n<li><span style=\"color: #000000;\">Greeny soulage les flatulences et la dyspepsie.<\/span><\/li>\n<li><span style=\"color: #000000;\">Greeny est 100% naturel.<\/span><\/li>\n<li><span style=\"color: #000000;\">Les composants naturels de Greeny sont recommand\u00e9s par toutes les communaut\u00e9s scientifiques comme les meilleures options naturelles pour se d\u00e9barrasser des ballonnements, de la dyspepsie et pour traiter le syndrome de l&rsquo;intestin irritable.<\/span><\/li>\n<\/ul>\n<\/li>\n<\/ul>\n","protected":false},"featured_media":9240,"template":"","meta":[],"product_cat":[391],"product_tag":[],"yoast_head":"<!-- This site is optimized with the Yoast SEO plugin v20.0 - https:\/\/yoast.com\/wordpress\/plugins\/seo\/ -->\n<title>Greeny - BIOPHARMA EGYPT<\/title>\n<meta name=\"robots\" content=\"index, follow, max-snippet:-1, max-image-preview:large, max-video-preview:-1\" \/>\n<link rel=\"canonical\" href=\"https:\/\/biophe.com\/fr\/produit\/greeny\/\" \/>\n<meta property=\"og:locale\" content=\"fr_FR\" \/>\n<meta property=\"og:type\" content=\"article\" \/>\n<meta property=\"og:title\" content=\"Greeny - BIOPHARMA EGYPT\" \/>\n<meta property=\"og:description\" content=\"Greeny agit naturellement pour soulager les sympt\u00f4mes du syndrome de l&#039;intestin irritable.      Greeny aide \u00e0 am\u00e9liorer la fonction gastro-intestinale.  Greeny soulage les flatulences et la dyspepsie.  Greeny est 100% naturel.  Les composants naturels de Greeny sont recommand\u00e9s par toutes les communaut\u00e9s scientifiques comme les meilleures options naturelles pour se d\u00e9barrasser des ballonnements, de la dyspepsie et pour traiter le syndrome de l&#039;intestin irritable.\" \/>\n<meta property=\"og:url\" content=\"https:\/\/biophe.com\/fr\/produit\/greeny\/\" \/>\n<meta property=\"og:site_name\" content=\"BIOPHARMA EGYPT\" \/>\n<meta property=\"article:modified_time\" content=\"2026-02-09T09:45:32+00:00\" \/>\n<meta property=\"og:image\" content=\"https:\/\/biophe.com\/wp-content\/uploads\/2022\/12\/final-greeny.4.png\" \/>\n\t<meta property=\"og:image:width\" content=\"2000\" \/>\n\t<meta property=\"og:image:height\" content=\"2000\" \/>\n\t<meta property=\"og:image:type\" content=\"image\/png\" \/>\n<meta name=\"twitter:card\" content=\"summary_large_image\" \/>\n<meta name=\"twitter:label1\" content=\"Dur\u00e9e de lecture estim\u00e9e\" \/>\n\t<meta name=\"twitter:data1\" content=\"1 minute\" \/>\n<script type=\"application\/ld+json\" class=\"yoast-schema-graph\">{\"@context\":\"https:\/\/schema.org\",\"@graph\":[{\"@type\":\"WebPage\",\"@id\":\"https:\/\/biophe.com\/fr\/produit\/greeny\/\",\"url\":\"https:\/\/biophe.com\/fr\/produit\/greeny\/\",\"name\":\"Greeny - BIOPHARMA EGYPT\",\"isPartOf\":{\"@id\":\"https:\/\/biophe.com\/fr\/#website\"},\"datePublished\":\"2022-12-20T12:21:10+00:00\",\"dateModified\":\"2026-02-09T09:45:32+00:00\",\"breadcrumb\":{\"@id\":\"https:\/\/biophe.com\/fr\/produit\/greeny\/#breadcrumb\"},\"inLanguage\":\"fr-FR\",\"potentialAction\":[{\"@type\":\"ReadAction\",\"target\":[\"https:\/\/biophe.com\/fr\/produit\/greeny\/\"]}]},{\"@type\":\"BreadcrumbList\",\"@id\":\"https:\/\/biophe.com\/fr\/produit\/greeny\/#breadcrumb\",\"itemListElement\":[{\"@type\":\"ListItem\",\"position\":1,\"name\":\"Accueil\",\"item\":\"https:\/\/biophe.com\/fr\/\"},{\"@type\":\"ListItem\",\"position\":2,\"name\":\"Boutique\",\"item\":\"https:\/\/biophe.com\/fr\/boutique\/\"},{\"@type\":\"ListItem\",\"position\":3,\"name\":\"Greeny\"}]},{\"@type\":\"WebSite\",\"@id\":\"https:\/\/biophe.com\/fr\/#website\",\"url\":\"https:\/\/biophe.com\/fr\/\",\"name\":\"BIOPHARMA EGYPT\",\"description\":\"\",\"publisher\":{\"@id\":\"https:\/\/biophe.com\/fr\/#organization\"},\"potentialAction\":[{\"@type\":\"SearchAction\",\"target\":{\"@type\":\"EntryPoint\",\"urlTemplate\":\"https:\/\/biophe.com\/fr\/?s={search_term_string}\"},\"query-input\":\"required name=search_term_string\"}],\"inLanguage\":\"fr-FR\"},{\"@type\":\"Organization\",\"@id\":\"https:\/\/biophe.com\/fr\/#organization\",\"name\":\"BIOPHARMA EGYPT\",\"url\":\"https:\/\/biophe.com\/fr\/\",\"logo\":{\"@type\":\"ImageObject\",\"inLanguage\":\"fr-FR\",\"@id\":\"https:\/\/biophe.com\/fr\/#\/schema\/logo\/image\/\",\"url\":\"https:\/\/biophe.com\/wp-content\/uploads\/2017\/07\/cropped-33221538_1249950148473824_5904636054022914048_n.png\",\"contentUrl\":\"https:\/\/biophe.com\/wp-content\/uploads\/2017\/07\/cropped-33221538_1249950148473824_5904636054022914048_n.png\",\"width\":512,\"height\":512,\"caption\":\"BIOPHARMA EGYPT\"},\"image\":{\"@id\":\"https:\/\/biophe.com\/fr\/#\/schema\/logo\/image\/\"}}]}<\/script>\n<!-- \/ Yoast SEO plugin. -->","yoast_head_json":{"title":"Greeny - BIOPHARMA EGYPT","robots":{"index":"index","follow":"follow","max-snippet":"max-snippet:-1","max-image-preview":"max-image-preview:large","max-video-preview":"max-video-preview:-1"},"canonical":"https:\/\/biophe.com\/fr\/produit\/greeny\/","og_locale":"fr_FR","og_type":"article","og_title":"Greeny - BIOPHARMA EGYPT","og_description":"Greeny agit naturellement pour soulager les sympt\u00f4mes du syndrome de l'intestin irritable.      Greeny aide \u00e0 am\u00e9liorer la fonction gastro-intestinale.  Greeny soulage les flatulences et la dyspepsie.  Greeny est 100% naturel.  Les composants naturels de Greeny sont recommand\u00e9s par toutes les communaut\u00e9s scientifiques comme les meilleures options naturelles pour se d\u00e9barrasser des ballonnements, de la dyspepsie et pour traiter le syndrome de l'intestin irritable.","og_url":"https:\/\/biophe.com\/fr\/produit\/greeny\/","og_site_name":"BIOPHARMA EGYPT","article_modified_time":"2026-02-09T09:45:32+00:00","og_image":[{"width":2000,"height":2000,"url":"https:\/\/biophe.com\/wp-content\/uploads\/2022\/12\/final-greeny.4.png","type":"image\/png"}],"twitter_card":"summary_large_image","twitter_misc":{"Dur\u00e9e de lecture estim\u00e9e":"1 minute"},"schema":{"@context":"https:\/\/schema.org","@graph":[{"@type":"WebPage","@id":"https:\/\/biophe.com\/fr\/produit\/greeny\/","url":"https:\/\/biophe.com\/fr\/produit\/greeny\/","name":"Greeny - BIOPHARMA EGYPT","isPartOf":{"@id":"https:\/\/biophe.com\/fr\/#website"},"datePublished":"2022-12-20T12:21:10+00:00","dateModified":"2026-02-09T09:45:32+00:00","breadcrumb":{"@id":"https:\/\/biophe.com\/fr\/produit\/greeny\/#breadcrumb"},"inLanguage":"fr-FR","potentialAction":[{"@type":"ReadAction","target":["https:\/\/biophe.com\/fr\/produit\/greeny\/"]}]},{"@type":"BreadcrumbList","@id":"https:\/\/biophe.com\/fr\/produit\/greeny\/#breadcrumb","itemListElement":[{"@type":"ListItem","position":1,"name":"Accueil","item":"https:\/\/biophe.com\/fr\/"},{"@type":"ListItem","position":2,"name":"Boutique","item":"https:\/\/biophe.com\/fr\/boutique\/"},{"@type":"ListItem","position":3,"name":"Greeny"}]},{"@type":"WebSite","@id":"https:\/\/biophe.com\/fr\/#website","url":"https:\/\/biophe.com\/fr\/","name":"BIOPHARMA EGYPT","description":"","publisher":{"@id":"https:\/\/biophe.com\/fr\/#organization"},"potentialAction":[{"@type":"SearchAction","target":{"@type":"EntryPoint","urlTemplate":"https:\/\/biophe.com\/fr\/?s={search_term_string}"},"query-input":"required name=search_term_string"}],"inLanguage":"fr-FR"},{"@type":"Organization","@id":"https:\/\/biophe.com\/fr\/#organization","name":"BIOPHARMA EGYPT","url":"https:\/\/biophe.com\/fr\/","logo":{"@type":"ImageObject","inLanguage":"fr-FR","@id":"https:\/\/biophe.com\/fr\/#\/schema\/logo\/image\/","url":"https:\/\/biophe.com\/wp-content\/uploads\/2017\/07\/cropped-33221538_1249950148473824_5904636054022914048_n.png","contentUrl":"https:\/\/biophe.com\/wp-content\/uploads\/2017\/07\/cropped-33221538_1249950148473824_5904636054022914048_n.png","width":512,"height":512,"caption":"BIOPHARMA EGYPT"},"image":{"@id":"https:\/\/biophe.com\/fr\/#\/schema\/logo\/image\/"}}]}},"_links":{"self":[{"href":"https:\/\/biophe.com\/fr\/wp-json\/wp\/v2\/product\/9930"}],"collection":[{"href":"https:\/\/biophe.com\/fr\/wp-json\/wp\/v2\/product"}],"about":[{"href":"https:\/\/biophe.com\/fr\/wp-json\/wp\/v2\/types\/product"}],"wp:featuredmedia":[{"embeddable":true,"href":"https:\/\/biophe.com\/fr\/wp-json\/wp\/v2\/media\/9240"}],"wp:attachment":[{"href":"https:\/\/biophe.com\/fr\/wp-json\/wp\/v2\/media?parent=9930"}],"wp:term":[{"taxonomy":"product_cat","embeddable":true,"href":"https:\/\/biophe.com\/fr\/wp-json\/wp\/v2\/product_cat?post=9930"},{"taxonomy":"product_tag","embeddable":true,"href":"https:\/\/biophe.com\/fr\/wp-json\/wp\/v2\/product_tag?post=9930"}],"curies":[{"name":"wp","href":"https:\/\/api.w.org\/{rel}","templated":true}]}}