{"id":9892,"date":"2022-12-20T12:33:16","date_gmt":"2022-12-20T12:33:16","guid":{"rendered":"https:\/\/biophe.com\/product\/bio-gainers\/"},"modified":"2023-05-06T15:42:11","modified_gmt":"2023-05-06T15:42:11","slug":"bio-gainers","status":"publish","type":"product","link":"https:\/\/biophe.com\/fr\/produit\/bio-gainers\/","title":{"rendered":"Bio-Gainers"},"content":{"rendered":"<p>Bio-Gainers est n\u00e9cessaire pour assurer un soutien nutritionnel optimal dans les cas suivants :<\/p>\n<ul>\n<li>Patients atteints de cancer et apr\u00e8s chimioth\u00e9rapie.<\/li>\n<li>Br\u00fblures.<\/li>\n<li>Chirurgies pr\u00e9  &amp; postop\u00e9ratoires.<\/li>\n<li>Maladie de Kwashiorkor (malnutrition prot\u00e9ino-calorique).<\/li>\n<li>Maladie de Marasmus.<\/li>\n<li>Am\u00e9lioration de l&rsquo;\u00e9tat nutritionnel des patients malnutris.<\/li>\n<\/ul>\n<p>Bio-Gainers est destin\u00e9 \u00e0 \u00eatre utilis\u00e9 en alimentation ent\u00e9rale (orale &#8211; sonde).<br \/>\nBio-Gainers est riche en glutamine et en spectre complet d&rsquo;acides amin\u00e9s essentiels et non essentiels.<br \/>\nDeux portions de Bio-Gainers (66g) contiennent :<\/p>\n<ul>\n<li>Prot\u00e9ines de haute qualit\u00e9 15g.<\/li>\n<li>Glucides 39g.<\/li>\n<li>\u00c9nergie 214 Kcal (895 Kj).<\/li>\n<li>1 ml = 1 Kcal (pr\u00e9paration standard).<\/li>\n<\/ul>\n<p>Bio-Gainers est disponible en sachets pour plus de commodit\u00e9 et une utilisation facile.<br \/>\nBio-Gainers est 100% naturel.<br \/>\nBio-Gainers est 100% non-OGM.<br \/>\nBio-Gainers est disponible en :<\/p>\n<ul>\n<li>Pack 510g &#8211; 1 poche.<\/li>\n<li>Pack 330g &#8211; 10 sachets.<\/li>\n<\/ul>\n<p>Bio-Gainers est disponible en 2 saveurs naturelles d\u00e9licieuses : chocolat et vanille.<br \/>\nBio-Gainers contient du lait, (cacao ou vanille)<\/p>\n","protected":false},"excerpt":{"rendered":"<p><b>Une formule professionnelle de soutien nutritionnel \u00e0 spectre complet pour tous les patients hospitalis\u00e9s et atteints de cancer<\/b><\/p>\n<ul>\n<li>Bio-Gainers est n\u00e9cessaire pour assurer un soutien nutritionnel optimal dans les cas suivants:<\/li>\n<ul>\n<li>Patients atteints de cancer et apr\u00e8s chimioth\u00e9rapie.<\/li>\n<li>Br\u00fblures.<\/li>\n<li>Chirurgies pr\u00e9 &amp; postop\u00e9ratoires.<\/li>\n<li>Maladie de Kwashiorkor (malnutrition prot\u00e9ino-calorique).<\/li>\n<li>Maladie de Marasmus.<\/li>\n<li>Am\u00e9lioration de l&rsquo;\u00e9tat nutritionnel des patients malnutris.<\/li>\n<\/ul>\n<\/li>\n<li>Bio-Gainers est destin\u00e9 \u00e0 \u00eatre utilis\u00e9 en alimentation ent\u00e9rale (orale &#8211; sonde).<\/li>\n<li>Bio-Gainers est riche en glutamine et en spectre complet d&rsquo;acides amin\u00e9s essentiels et non essentiels.<\/li>\n<li>Bio-Gainers est disponible en sachets pour plus de commodit\u00e9 et une utilisation facile.<\/li>\n<li>Bio-Gainers est disponible en 2 saveurs naturelles d\u00e9licieuses: chocolat et vanille.<\/li>\n<li>Bio-Gainers est 100% naturel.<\/li>\n<li>Bio-Gainers est 100% Non-OGM.<\/li>\n<\/ul>\n","protected":false},"featured_media":9224,"template":"","meta":[],"product_cat":[390],"product_tag":[],"yoast_head":"<!-- This site is optimized with the Yoast SEO plugin v20.0 - https:\/\/yoast.com\/wordpress\/plugins\/seo\/ -->\n<title>Bio-Gainers - BIOPHARMA EGYPT<\/title>\n<meta name=\"robots\" content=\"index, follow, max-snippet:-1, max-image-preview:large, max-video-preview:-1\" \/>\n<link rel=\"canonical\" href=\"https:\/\/biophe.com\/fr\/produit\/bio-gainers\/\" \/>\n<meta property=\"og:locale\" content=\"fr_FR\" \/>\n<meta property=\"og:type\" content=\"article\" \/>\n<meta property=\"og:title\" content=\"Bio-Gainers - BIOPHARMA EGYPT\" \/>\n<meta property=\"og:description\" content=\"Une formule professionnelle de soutien nutritionnel \u00e0 spectre complet pour tous les patients hospitalis\u00e9s et atteints de cancer   Bio-Gainers est n\u00e9cessaire pour assurer un soutien nutritionnel optimal dans les cas suivants:   Patients atteints de cancer et apr\u00e8s chimioth\u00e9rapie.  Br\u00fblures.  Chirurgies pr\u00e9 &amp; postop\u00e9ratoires.  Maladie de Kwashiorkor (malnutrition prot\u00e9ino-calorique).  Maladie de Marasmus.  Am\u00e9lioration de l&#039;\u00e9tat nutritionnel des patients malnutris.    Bio-Gainers est destin\u00e9 \u00e0 \u00eatre utilis\u00e9 en alimentation ent\u00e9rale (orale - sonde).  Bio-Gainers est riche en glutamine et en spectre complet d&#039;acides amin\u00e9s essentiels et non essentiels.  Bio-Gainers est disponible en sachets pour plus de commodit\u00e9 et une utilisation facile.  Bio-Gainers est disponible en 2 saveurs naturelles d\u00e9licieuses: chocolat et vanille.  Bio-Gainers est 100% naturel.  Bio-Gainers est 100% Non-OGM.\" \/>\n<meta property=\"og:url\" content=\"https:\/\/biophe.com\/fr\/produit\/bio-gainers\/\" \/>\n<meta property=\"og:site_name\" content=\"BIOPHARMA EGYPT\" \/>\n<meta property=\"article:modified_time\" content=\"2023-05-06T15:42:11+00:00\" \/>\n<meta property=\"og:image\" content=\"https:\/\/biophe.com\/wp-content\/uploads\/2022\/12\/Bio-Gainers.jpg\" \/>\n\t<meta property=\"og:image:width\" content=\"2000\" \/>\n\t<meta property=\"og:image:height\" content=\"2000\" \/>\n\t<meta property=\"og:image:type\" content=\"image\/jpeg\" \/>\n<meta name=\"twitter:card\" content=\"summary_large_image\" \/>\n<meta name=\"twitter:label1\" content=\"Dur\u00e9e de lecture estim\u00e9e\" \/>\n\t<meta name=\"twitter:data1\" content=\"1 minute\" \/>\n<script type=\"application\/ld+json\" class=\"yoast-schema-graph\">{\"@context\":\"https:\/\/schema.org\",\"@graph\":[{\"@type\":\"WebPage\",\"@id\":\"https:\/\/biophe.com\/fr\/produit\/bio-gainers\/\",\"url\":\"https:\/\/biophe.com\/fr\/produit\/bio-gainers\/\",\"name\":\"Bio-Gainers - BIOPHARMA EGYPT\",\"isPartOf\":{\"@id\":\"https:\/\/biophe.com\/fr\/#website\"},\"datePublished\":\"2022-12-20T12:33:16+00:00\",\"dateModified\":\"2023-05-06T15:42:11+00:00\",\"breadcrumb\":{\"@id\":\"https:\/\/biophe.com\/fr\/produit\/bio-gainers\/#breadcrumb\"},\"inLanguage\":\"fr-FR\",\"potentialAction\":[{\"@type\":\"ReadAction\",\"target\":[\"https:\/\/biophe.com\/fr\/produit\/bio-gainers\/\"]}]},{\"@type\":\"BreadcrumbList\",\"@id\":\"https:\/\/biophe.com\/fr\/produit\/bio-gainers\/#breadcrumb\",\"itemListElement\":[{\"@type\":\"ListItem\",\"position\":1,\"name\":\"Accueil\",\"item\":\"https:\/\/biophe.com\/fr\/\"},{\"@type\":\"ListItem\",\"position\":2,\"name\":\"Boutique\",\"item\":\"https:\/\/biophe.com\/fr\/boutique\/\"},{\"@type\":\"ListItem\",\"position\":3,\"name\":\"Bio-Gainers\"}]},{\"@type\":\"WebSite\",\"@id\":\"https:\/\/biophe.com\/fr\/#website\",\"url\":\"https:\/\/biophe.com\/fr\/\",\"name\":\"BIOPHARMA EGYPT\",\"description\":\"\",\"publisher\":{\"@id\":\"https:\/\/biophe.com\/fr\/#organization\"},\"potentialAction\":[{\"@type\":\"SearchAction\",\"target\":{\"@type\":\"EntryPoint\",\"urlTemplate\":\"https:\/\/biophe.com\/fr\/?s={search_term_string}\"},\"query-input\":\"required name=search_term_string\"}],\"inLanguage\":\"fr-FR\"},{\"@type\":\"Organization\",\"@id\":\"https:\/\/biophe.com\/fr\/#organization\",\"name\":\"BIOPHARMA EGYPT\",\"url\":\"https:\/\/biophe.com\/fr\/\",\"logo\":{\"@type\":\"ImageObject\",\"inLanguage\":\"fr-FR\",\"@id\":\"https:\/\/biophe.com\/fr\/#\/schema\/logo\/image\/\",\"url\":\"https:\/\/biophe.com\/wp-content\/uploads\/2017\/07\/cropped-33221538_1249950148473824_5904636054022914048_n.png\",\"contentUrl\":\"https:\/\/biophe.com\/wp-content\/uploads\/2017\/07\/cropped-33221538_1249950148473824_5904636054022914048_n.png\",\"width\":512,\"height\":512,\"caption\":\"BIOPHARMA EGYPT\"},\"image\":{\"@id\":\"https:\/\/biophe.com\/fr\/#\/schema\/logo\/image\/\"}}]}<\/script>\n<!-- \/ Yoast SEO plugin. -->","yoast_head_json":{"title":"Bio-Gainers - BIOPHARMA EGYPT","robots":{"index":"index","follow":"follow","max-snippet":"max-snippet:-1","max-image-preview":"max-image-preview:large","max-video-preview":"max-video-preview:-1"},"canonical":"https:\/\/biophe.com\/fr\/produit\/bio-gainers\/","og_locale":"fr_FR","og_type":"article","og_title":"Bio-Gainers - BIOPHARMA EGYPT","og_description":"Une formule professionnelle de soutien nutritionnel \u00e0 spectre complet pour tous les patients hospitalis\u00e9s et atteints de cancer   Bio-Gainers est n\u00e9cessaire pour assurer un soutien nutritionnel optimal dans les cas suivants:   Patients atteints de cancer et apr\u00e8s chimioth\u00e9rapie.  Br\u00fblures.  Chirurgies pr\u00e9 &amp; postop\u00e9ratoires.  Maladie de Kwashiorkor (malnutrition prot\u00e9ino-calorique).  Maladie de Marasmus.  Am\u00e9lioration de l'\u00e9tat nutritionnel des patients malnutris.    Bio-Gainers est destin\u00e9 \u00e0 \u00eatre utilis\u00e9 en alimentation ent\u00e9rale (orale - sonde).  Bio-Gainers est riche en glutamine et en spectre complet d'acides amin\u00e9s essentiels et non essentiels.  Bio-Gainers est disponible en sachets pour plus de commodit\u00e9 et une utilisation facile.  Bio-Gainers est disponible en 2 saveurs naturelles d\u00e9licieuses: chocolat et vanille.  Bio-Gainers est 100% naturel.  Bio-Gainers est 100% Non-OGM.","og_url":"https:\/\/biophe.com\/fr\/produit\/bio-gainers\/","og_site_name":"BIOPHARMA EGYPT","article_modified_time":"2023-05-06T15:42:11+00:00","og_image":[{"width":2000,"height":2000,"url":"https:\/\/biophe.com\/wp-content\/uploads\/2022\/12\/Bio-Gainers.jpg","type":"image\/jpeg"}],"twitter_card":"summary_large_image","twitter_misc":{"Dur\u00e9e de lecture estim\u00e9e":"1 minute"},"schema":{"@context":"https:\/\/schema.org","@graph":[{"@type":"WebPage","@id":"https:\/\/biophe.com\/fr\/produit\/bio-gainers\/","url":"https:\/\/biophe.com\/fr\/produit\/bio-gainers\/","name":"Bio-Gainers - BIOPHARMA EGYPT","isPartOf":{"@id":"https:\/\/biophe.com\/fr\/#website"},"datePublished":"2022-12-20T12:33:16+00:00","dateModified":"2023-05-06T15:42:11+00:00","breadcrumb":{"@id":"https:\/\/biophe.com\/fr\/produit\/bio-gainers\/#breadcrumb"},"inLanguage":"fr-FR","potentialAction":[{"@type":"ReadAction","target":["https:\/\/biophe.com\/fr\/produit\/bio-gainers\/"]}]},{"@type":"BreadcrumbList","@id":"https:\/\/biophe.com\/fr\/produit\/bio-gainers\/#breadcrumb","itemListElement":[{"@type":"ListItem","position":1,"name":"Accueil","item":"https:\/\/biophe.com\/fr\/"},{"@type":"ListItem","position":2,"name":"Boutique","item":"https:\/\/biophe.com\/fr\/boutique\/"},{"@type":"ListItem","position":3,"name":"Bio-Gainers"}]},{"@type":"WebSite","@id":"https:\/\/biophe.com\/fr\/#website","url":"https:\/\/biophe.com\/fr\/","name":"BIOPHARMA EGYPT","description":"","publisher":{"@id":"https:\/\/biophe.com\/fr\/#organization"},"potentialAction":[{"@type":"SearchAction","target":{"@type":"EntryPoint","urlTemplate":"https:\/\/biophe.com\/fr\/?s={search_term_string}"},"query-input":"required name=search_term_string"}],"inLanguage":"fr-FR"},{"@type":"Organization","@id":"https:\/\/biophe.com\/fr\/#organization","name":"BIOPHARMA EGYPT","url":"https:\/\/biophe.com\/fr\/","logo":{"@type":"ImageObject","inLanguage":"fr-FR","@id":"https:\/\/biophe.com\/fr\/#\/schema\/logo\/image\/","url":"https:\/\/biophe.com\/wp-content\/uploads\/2017\/07\/cropped-33221538_1249950148473824_5904636054022914048_n.png","contentUrl":"https:\/\/biophe.com\/wp-content\/uploads\/2017\/07\/cropped-33221538_1249950148473824_5904636054022914048_n.png","width":512,"height":512,"caption":"BIOPHARMA EGYPT"},"image":{"@id":"https:\/\/biophe.com\/fr\/#\/schema\/logo\/image\/"}}]}},"_links":{"self":[{"href":"https:\/\/biophe.com\/fr\/wp-json\/wp\/v2\/product\/9892"}],"collection":[{"href":"https:\/\/biophe.com\/fr\/wp-json\/wp\/v2\/product"}],"about":[{"href":"https:\/\/biophe.com\/fr\/wp-json\/wp\/v2\/types\/product"}],"wp:featuredmedia":[{"embeddable":true,"href":"https:\/\/biophe.com\/fr\/wp-json\/wp\/v2\/media\/9224"}],"wp:attachment":[{"href":"https:\/\/biophe.com\/fr\/wp-json\/wp\/v2\/media?parent=9892"}],"wp:term":[{"taxonomy":"product_cat","embeddable":true,"href":"https:\/\/biophe.com\/fr\/wp-json\/wp\/v2\/product_cat?post=9892"},{"taxonomy":"product_tag","embeddable":true,"href":"https:\/\/biophe.com\/fr\/wp-json\/wp\/v2\/product_tag?post=9892"}],"curies":[{"name":"wp","href":"https:\/\/api.w.org\/{rel}","templated":true}]}}