{"id":9825,"date":"2022-12-20T11:56:28","date_gmt":"2022-12-20T11:56:28","guid":{"rendered":"https:\/\/biophe.com\/product\/growth-formula-silver-50\/"},"modified":"2023-08-14T11:51:45","modified_gmt":"2023-08-14T11:51:45","slug":"growth-formula-silver-50","status":"publish","type":"product","link":"https:\/\/biophe.com\/fr\/produit\/growth-formula-silver-50\/","title":{"rendered":"Growth Formula Silver 50+"},"content":{"rendered":"<section class=\"wpb-content-wrapper\"><p>[vc_row][vc_column][vc_column_text]Growth Formula Silver +50 est une formule nutritionnellement \u00e9quilibr\u00e9e contenant un spectre complet de macro et micronutriments pour r\u00e9pondre aux besoins nutritionnels des personnes \u00e2g\u00e9es de plus de 50 ans.<br \/>\nGrowth Formula Silver +50 aide \u00e0 r\u00e9pondre aux besoins nutritionnels des personnes \u00e2g\u00e9es de plus de 50 ans et \u00e0 surmonter la malnutrition, la maigreur, la perte d&rsquo;app\u00e9tit, la cachexie et la sarcop\u00e9nie chez la population \u00e2g\u00e9e.<br \/>\nGrowth Formula Silver +50 renforce les d\u00e9fenses immunitaires du corps.<br \/>\nGrowth Formula Silver +50 am\u00e9liore l&rsquo;activit\u00e9 physique et mentale.<br \/>\nUne portion (33g) de Growth Formula Silver +50 contient :<\/p>\n<ul>\n<li>Prot\u00e9ines de haute qualit\u00e9 7,7g.<\/li>\n<li>Glucides 22g.<\/li>\n<li>\u00c9nergie 123 Kcal (515 Kj).<\/li>\n<li>Calcium 200mg.<\/li>\n<\/ul>\n<p>La sarcop\u00e9nie li\u00e9e au vieillissement signifie que la masse musculaire, la force et les performances physiques ont tendance \u00e0 diminuer avec l&rsquo;\u00e2ge et la malnutrition est associ\u00e9e \u00e0 la sarcop\u00e9nie. Par cons\u00e9quent, Growth Formula Silver +50 peut contribuer de mani\u00e8re importante \u00e0 pr\u00e9venir le d\u00e9veloppement de la sarcop\u00e9nie.<br \/>\nGrowth Formula Silver +50 est pr\u00e9par\u00e9e en volume intelligent pour surmonter l&rsquo;app\u00e9tit faible.<br \/>\nGrowth Formula Silver +50 est disponible en sachets pour plus de commodit\u00e9 et une utilisation facile.<br \/>\nGrowth Formula Silver +50 convient aux personnes \u00e2g\u00e9es de plus de 50 ans.<br \/>\nGrowth Formula Silver +50 est 100% naturelle.<br \/>\nGrowth Formula Silver +50 est 100% non-OGM.<br \/>\nGrowth Formula Silver +50 est disponible en :<\/p>\n<ul>\n<li>Pack 400g &#8211; 1 pochette.<\/li>\n<li>Pack 330g &#8211; 10 sachets.<\/li>\n<\/ul>\n<p>Growth Formula Silver +50 est disponible en 2 saveurs naturelles d\u00e9licieuses : chocolat et vanille.<br \/>\nGrowth Formula Silver +50 contient du lait, du cacao ou de la vanille.[\/vc_column_text][\/vc_column][\/vc_row]<\/p>\n<\/section>","protected":false},"excerpt":{"rendered":"<p><b>Une source de nutrition compl\u00e8te et \u00e9quilibr\u00e9e pour les seniors et les personnes \u00e2g\u00e9es<\/b><\/p>\n<ul>\n<li>Growth Formula Silver +50 est une formule bien \u00e9quilibr\u00e9e contenant de l&rsquo;\u00e9nergie, des prot\u00e9ines, des vitamines et des min\u00e9raux pour r\u00e9pondre aux besoins nutritionnels des seniors de plus de 50 ans.<\/li>\n<li>Growth Growth Formula Silver +50 aide \u00e0 r\u00e9pondre aux besoins nutritionnels des seniors de plus de 50 ans et \u00e0 lutter contre la malnutrition, la maigreur, la perte d&rsquo;app\u00e9tit, la cachexie et la sarcop\u00e9nie chez la population \u00e2g\u00e9e.<\/li>\n<li>Growth Formula Silver +50 renforce les d\u00e9fenses immunologiques du corps.<\/li>\n<li>Growth Formula Silver +50 am\u00e9liore l&rsquo;activit\u00e9 physique et mentale<\/li>\n<li>Growth Formula Silver +50 est disponible en sachets pour plus de commodit\u00e9 et une utilisation facile.<\/li>\n<li>Growth Formula Silver +50 convient aux seniors et aux personnes \u00e2g\u00e9es de plus de 50 ans.<\/li>\n<li>Growth Formula Silver +50 est disponible en 2 saveurs naturelles d\u00e9licieuses : chocolat et vanille.<\/li>\n<li>Growth Formula Silver +50 est 100% naturel.<\/li>\n<li>Growth Formula Silver +50 est 100% non-OGM.<\/li>\n<\/ul>\n","protected":false},"featured_media":9232,"template":"","meta":[],"product_cat":[384],"product_tag":[],"yoast_head":"<!-- This site is optimized with the Yoast SEO plugin v20.0 - https:\/\/yoast.com\/wordpress\/plugins\/seo\/ -->\n<title>Growth Formula Silver 50+ - BIOPHARMA EGYPT<\/title>\n<meta name=\"robots\" content=\"index, follow, max-snippet:-1, max-image-preview:large, max-video-preview:-1\" \/>\n<link rel=\"canonical\" href=\"https:\/\/biophe.com\/fr\/produit\/growth-formula-silver-50\/\" \/>\n<meta property=\"og:locale\" content=\"fr_FR\" \/>\n<meta property=\"og:type\" content=\"article\" \/>\n<meta property=\"og:title\" content=\"Growth Formula Silver 50+ - BIOPHARMA EGYPT\" \/>\n<meta property=\"og:description\" content=\"Une source de nutrition compl\u00e8te et \u00e9quilibr\u00e9e pour les seniors et les personnes \u00e2g\u00e9es   Growth Formula Silver +50 est une formule bien \u00e9quilibr\u00e9e contenant de l&#039;\u00e9nergie, des prot\u00e9ines, des vitamines et des min\u00e9raux pour r\u00e9pondre aux besoins nutritionnels des seniors de plus de 50 ans.  Growth Growth Formula Silver +50 aide \u00e0 r\u00e9pondre aux besoins nutritionnels des seniors de plus de 50 ans et \u00e0 lutter contre la malnutrition, la maigreur, la perte d&#039;app\u00e9tit, la cachexie et la sarcop\u00e9nie chez la population \u00e2g\u00e9e.  Growth Formula Silver +50 renforce les d\u00e9fenses immunologiques du corps.  Growth Formula Silver +50 am\u00e9liore l&#039;activit\u00e9 physique et mentale  Growth Formula Silver +50 est disponible en sachets pour plus de commodit\u00e9 et une utilisation facile.  Growth Formula Silver +50 convient aux seniors et aux personnes \u00e2g\u00e9es de plus de 50 ans.  Growth Formula Silver +50 est disponible en 2 saveurs naturelles d\u00e9licieuses : chocolat et vanille.  Growth Formula Silver +50 est 100% naturel.  Growth Formula Silver +50 est 100% non-OGM.\" \/>\n<meta property=\"og:url\" content=\"https:\/\/biophe.com\/fr\/produit\/growth-formula-silver-50\/\" \/>\n<meta property=\"og:site_name\" content=\"BIOPHARMA EGYPT\" \/>\n<meta property=\"article:modified_time\" content=\"2023-08-14T11:51:45+00:00\" \/>\n<meta property=\"og:image\" content=\"https:\/\/biophe.com\/wp-content\/uploads\/2022\/12\/silver-2.jpg\" \/>\n\t<meta property=\"og:image:width\" content=\"2000\" \/>\n\t<meta property=\"og:image:height\" content=\"2000\" \/>\n\t<meta property=\"og:image:type\" content=\"image\/jpeg\" \/>\n<meta name=\"twitter:card\" content=\"summary_large_image\" \/>\n<meta name=\"twitter:label1\" content=\"Dur\u00e9e de lecture estim\u00e9e\" \/>\n\t<meta name=\"twitter:data1\" content=\"2 minutes\" \/>\n<script type=\"application\/ld+json\" class=\"yoast-schema-graph\">{\"@context\":\"https:\/\/schema.org\",\"@graph\":[{\"@type\":\"WebPage\",\"@id\":\"https:\/\/biophe.com\/fr\/produit\/growth-formula-silver-50\/\",\"url\":\"https:\/\/biophe.com\/fr\/produit\/growth-formula-silver-50\/\",\"name\":\"Growth Formula Silver 50+ - BIOPHARMA EGYPT\",\"isPartOf\":{\"@id\":\"https:\/\/biophe.com\/fr\/#website\"},\"datePublished\":\"2022-12-20T11:56:28+00:00\",\"dateModified\":\"2023-08-14T11:51:45+00:00\",\"breadcrumb\":{\"@id\":\"https:\/\/biophe.com\/fr\/produit\/growth-formula-silver-50\/#breadcrumb\"},\"inLanguage\":\"fr-FR\",\"potentialAction\":[{\"@type\":\"ReadAction\",\"target\":[\"https:\/\/biophe.com\/fr\/produit\/growth-formula-silver-50\/\"]}]},{\"@type\":\"BreadcrumbList\",\"@id\":\"https:\/\/biophe.com\/fr\/produit\/growth-formula-silver-50\/#breadcrumb\",\"itemListElement\":[{\"@type\":\"ListItem\",\"position\":1,\"name\":\"Accueil\",\"item\":\"https:\/\/biophe.com\/fr\/\"},{\"@type\":\"ListItem\",\"position\":2,\"name\":\"Boutique\",\"item\":\"https:\/\/biophe.com\/fr\/boutique\/\"},{\"@type\":\"ListItem\",\"position\":3,\"name\":\"Growth Formula Silver 50+\"}]},{\"@type\":\"WebSite\",\"@id\":\"https:\/\/biophe.com\/fr\/#website\",\"url\":\"https:\/\/biophe.com\/fr\/\",\"name\":\"BIOPHARMA EGYPT\",\"description\":\"\",\"publisher\":{\"@id\":\"https:\/\/biophe.com\/fr\/#organization\"},\"potentialAction\":[{\"@type\":\"SearchAction\",\"target\":{\"@type\":\"EntryPoint\",\"urlTemplate\":\"https:\/\/biophe.com\/fr\/?s={search_term_string}\"},\"query-input\":\"required name=search_term_string\"}],\"inLanguage\":\"fr-FR\"},{\"@type\":\"Organization\",\"@id\":\"https:\/\/biophe.com\/fr\/#organization\",\"name\":\"BIOPHARMA EGYPT\",\"url\":\"https:\/\/biophe.com\/fr\/\",\"logo\":{\"@type\":\"ImageObject\",\"inLanguage\":\"fr-FR\",\"@id\":\"https:\/\/biophe.com\/fr\/#\/schema\/logo\/image\/\",\"url\":\"https:\/\/biophe.com\/wp-content\/uploads\/2017\/07\/cropped-33221538_1249950148473824_5904636054022914048_n.png\",\"contentUrl\":\"https:\/\/biophe.com\/wp-content\/uploads\/2017\/07\/cropped-33221538_1249950148473824_5904636054022914048_n.png\",\"width\":512,\"height\":512,\"caption\":\"BIOPHARMA EGYPT\"},\"image\":{\"@id\":\"https:\/\/biophe.com\/fr\/#\/schema\/logo\/image\/\"}}]}<\/script>\n<!-- \/ Yoast SEO plugin. -->","yoast_head_json":{"title":"Growth Formula Silver 50+ - BIOPHARMA EGYPT","robots":{"index":"index","follow":"follow","max-snippet":"max-snippet:-1","max-image-preview":"max-image-preview:large","max-video-preview":"max-video-preview:-1"},"canonical":"https:\/\/biophe.com\/fr\/produit\/growth-formula-silver-50\/","og_locale":"fr_FR","og_type":"article","og_title":"Growth Formula Silver 50+ - BIOPHARMA EGYPT","og_description":"Une source de nutrition compl\u00e8te et \u00e9quilibr\u00e9e pour les seniors et les personnes \u00e2g\u00e9es   Growth Formula Silver +50 est une formule bien \u00e9quilibr\u00e9e contenant de l'\u00e9nergie, des prot\u00e9ines, des vitamines et des min\u00e9raux pour r\u00e9pondre aux besoins nutritionnels des seniors de plus de 50 ans.  Growth Growth Formula Silver +50 aide \u00e0 r\u00e9pondre aux besoins nutritionnels des seniors de plus de 50 ans et \u00e0 lutter contre la malnutrition, la maigreur, la perte d'app\u00e9tit, la cachexie et la sarcop\u00e9nie chez la population \u00e2g\u00e9e.  Growth Formula Silver +50 renforce les d\u00e9fenses immunologiques du corps.  Growth Formula Silver +50 am\u00e9liore l'activit\u00e9 physique et mentale  Growth Formula Silver +50 est disponible en sachets pour plus de commodit\u00e9 et une utilisation facile.  Growth Formula Silver +50 convient aux seniors et aux personnes \u00e2g\u00e9es de plus de 50 ans.  Growth Formula Silver +50 est disponible en 2 saveurs naturelles d\u00e9licieuses : chocolat et vanille.  Growth Formula Silver +50 est 100% naturel.  Growth Formula Silver +50 est 100% non-OGM.","og_url":"https:\/\/biophe.com\/fr\/produit\/growth-formula-silver-50\/","og_site_name":"BIOPHARMA EGYPT","article_modified_time":"2023-08-14T11:51:45+00:00","og_image":[{"width":2000,"height":2000,"url":"https:\/\/biophe.com\/wp-content\/uploads\/2022\/12\/silver-2.jpg","type":"image\/jpeg"}],"twitter_card":"summary_large_image","twitter_misc":{"Dur\u00e9e de lecture estim\u00e9e":"2 minutes"},"schema":{"@context":"https:\/\/schema.org","@graph":[{"@type":"WebPage","@id":"https:\/\/biophe.com\/fr\/produit\/growth-formula-silver-50\/","url":"https:\/\/biophe.com\/fr\/produit\/growth-formula-silver-50\/","name":"Growth Formula Silver 50+ - BIOPHARMA EGYPT","isPartOf":{"@id":"https:\/\/biophe.com\/fr\/#website"},"datePublished":"2022-12-20T11:56:28+00:00","dateModified":"2023-08-14T11:51:45+00:00","breadcrumb":{"@id":"https:\/\/biophe.com\/fr\/produit\/growth-formula-silver-50\/#breadcrumb"},"inLanguage":"fr-FR","potentialAction":[{"@type":"ReadAction","target":["https:\/\/biophe.com\/fr\/produit\/growth-formula-silver-50\/"]}]},{"@type":"BreadcrumbList","@id":"https:\/\/biophe.com\/fr\/produit\/growth-formula-silver-50\/#breadcrumb","itemListElement":[{"@type":"ListItem","position":1,"name":"Accueil","item":"https:\/\/biophe.com\/fr\/"},{"@type":"ListItem","position":2,"name":"Boutique","item":"https:\/\/biophe.com\/fr\/boutique\/"},{"@type":"ListItem","position":3,"name":"Growth Formula Silver 50+"}]},{"@type":"WebSite","@id":"https:\/\/biophe.com\/fr\/#website","url":"https:\/\/biophe.com\/fr\/","name":"BIOPHARMA EGYPT","description":"","publisher":{"@id":"https:\/\/biophe.com\/fr\/#organization"},"potentialAction":[{"@type":"SearchAction","target":{"@type":"EntryPoint","urlTemplate":"https:\/\/biophe.com\/fr\/?s={search_term_string}"},"query-input":"required name=search_term_string"}],"inLanguage":"fr-FR"},{"@type":"Organization","@id":"https:\/\/biophe.com\/fr\/#organization","name":"BIOPHARMA EGYPT","url":"https:\/\/biophe.com\/fr\/","logo":{"@type":"ImageObject","inLanguage":"fr-FR","@id":"https:\/\/biophe.com\/fr\/#\/schema\/logo\/image\/","url":"https:\/\/biophe.com\/wp-content\/uploads\/2017\/07\/cropped-33221538_1249950148473824_5904636054022914048_n.png","contentUrl":"https:\/\/biophe.com\/wp-content\/uploads\/2017\/07\/cropped-33221538_1249950148473824_5904636054022914048_n.png","width":512,"height":512,"caption":"BIOPHARMA EGYPT"},"image":{"@id":"https:\/\/biophe.com\/fr\/#\/schema\/logo\/image\/"}}]}},"_links":{"self":[{"href":"https:\/\/biophe.com\/fr\/wp-json\/wp\/v2\/product\/9825"}],"collection":[{"href":"https:\/\/biophe.com\/fr\/wp-json\/wp\/v2\/product"}],"about":[{"href":"https:\/\/biophe.com\/fr\/wp-json\/wp\/v2\/types\/product"}],"wp:featuredmedia":[{"embeddable":true,"href":"https:\/\/biophe.com\/fr\/wp-json\/wp\/v2\/media\/9232"}],"wp:attachment":[{"href":"https:\/\/biophe.com\/fr\/wp-json\/wp\/v2\/media?parent=9825"}],"wp:term":[{"taxonomy":"product_cat","embeddable":true,"href":"https:\/\/biophe.com\/fr\/wp-json\/wp\/v2\/product_cat?post=9825"},{"taxonomy":"product_tag","embeddable":true,"href":"https:\/\/biophe.com\/fr\/wp-json\/wp\/v2\/product_tag?post=9825"}],"curies":[{"name":"wp","href":"https:\/\/api.w.org\/{rel}","templated":true}]}}