{"id":9807,"date":"2018-11-05T22:21:36","date_gmt":"2018-11-05T22:21:36","guid":{"rendered":"https:\/\/biophe.com\/product\/growth-formula-weight-gain\/"},"modified":"2023-08-14T12:06:33","modified_gmt":"2023-08-14T12:06:33","slug":"growth-formula-weight-gain","status":"publish","type":"product","link":"https:\/\/biophe.com\/fr\/produit\/growth-formula-weight-gain\/","title":{"rendered":"Growth Formula WG"},"content":{"rendered":"<section class=\"wpb-content-wrapper\"><p>[vc_row][vc_column][vc_column_text]Growth Formula WG est une formule nutritionnellement \u00e9quilibr\u00e9e contenant des prot\u00e9ines de haute qualit\u00e9 avec un spectre complet d&rsquo;acides amin\u00e9s essentiels et non essentiels, des glucides, des vitamines et des min\u00e9raux.<br \/>\nLe shake Growth Formula WG est un compl\u00e9ment nutritionnel oral nutritionnellement \u00e9quilibr\u00e9 scientifiquement formul\u00e9 pour la gestion di\u00e9t\u00e9tique de la sous-alimentation li\u00e9e \u00e0 la maladie:<\/p>\n<ul>\n<li>Immunit\u00e9 alt\u00e9r\u00e9e.<\/li>\n<li>R\u00e9duction de l&rsquo;endurance du corps.<\/li>\n<li>Fr\u00e9quentes maladies.<\/li>\n<li>Perte de poids.<\/li>\n<\/ul>\n<p>Growth Formula WG aide \u00e0 surmonter la malnutrition chancelante, la maigreur et la faible app\u00e9tit.<img decoding=\"async\" loading=\"lazy\" class=\"alignright wp-image-8265 size-medium\" src=\"https:\/\/biophe.com\/wp-content\/uploads\/2018\/11\/wg-table-300x250.png\" alt=\"\" width=\"300\" height=\"250\" srcset=\"https:\/\/biophe.com\/wp-content\/uploads\/2018\/11\/wg-table-300x250.png 300w, https:\/\/biophe.com\/wp-content\/uploads\/2018\/11\/wg-table-1024x853.png 1024w, https:\/\/biophe.com\/wp-content\/uploads\/2018\/11\/wg-table-768x640.png 768w, https:\/\/biophe.com\/wp-content\/uploads\/2018\/11\/wg-table-340x283.png 340w, https:\/\/biophe.com\/wp-content\/uploads\/2018\/11\/wg-table-600x500.png 600w, https:\/\/biophe.com\/wp-content\/uploads\/2018\/11\/wg-table-125x104.png 125w, https:\/\/biophe.com\/wp-content\/uploads\/2018\/11\/wg-table.png 1200w\" sizes=\"(max-width: 300px) 100vw, 300px\" \/><br \/>\nUne portion (33g) de Growth Formula WG contient:<\/p>\n<ul>\n<li>\u00a0 \u00a0Prot\u00e9ine de haute qualit\u00e9 6,6g.<\/li>\n<li>\u00a0 \u00a0Glucides 22,7g.<\/li>\n<li>\u00a0 \u00a0\u00c9nergie 121 Kcal (506 Kj).<\/li>\n<li>\u00a0 \u00a0Calcium 288mg.<\/li>\n<\/ul>\n<p>Le shake Growth Formula WG est pr\u00e9par\u00e9 en volume intelligent pour r\u00e9pondre aux gros besoins et aux petits estomacs.<br \/>\nGrowth Formula WG est disponible en sachets pour plus de commodit\u00e9 et une utilisation facile.<br \/>\nGrowth Formula WG convient aux adultes de 13 \u00e0 50 ans.<br \/>\nGrowth Formula WG est 100% naturel.<br \/>\nGrowth Formula WG est 100% non-OGM.<br \/>\nGrowth Formula WG est disponible en:<\/p>\n<ul>\n<li>Pack 400g &#8211; 1 pochette.<\/li>\n<li>Pack 330g &#8211; 10 sachets.<\/li>\n<\/ul>\n<p>Growth Formula WG est disponible en 4 saveurs naturelles d\u00e9licieuses : chocolat, vanille, fraise et banane.<br \/>\nGrowth Formula WG contient du lait, (cacao ou vanille ou fraise ou banane).[\/vc_column_text][\/vc_column][\/vc_row]<\/p>\n<\/section>","protected":false},"excerpt":{"rendered":"<p><b>Apporte une nutrition avanc\u00e9e pour la prise en charge di\u00e9t\u00e9tique de la malnutrition li\u00e9e \u00e0 une maladie.<\/b><\/p>\n<ul>\n<li>Growth Formula WG est une formule \u00e9quilibr\u00e9e contenant de l&rsquo;\u00e9nergie, des prot\u00e9ines, des vitamines et des min\u00e9raux n\u00e9cessaires pour avoir un corps sain et id\u00e9al.<\/li>\n<li>Le shake Growth Formula WG est un compl\u00e9ment nutritionnel oral nutritionnellement \u00e9quilibr\u00e9 scientifiquement formul\u00e9 pour la prise en charge di\u00e9t\u00e9tique de la malnutrition li\u00e9e \u00e0 une maladie:<\/li>\n<li>Immunit\u00e9 alt\u00e9r\u00e9e.<\/li>\n<li>Baisse de la r\u00e9sistance physique.<\/li>\n<li>Maladies fr\u00e9quentes.<\/li>\n<li>Perte de poids.<\/li>\n<li>Growth Formula WG aide \u00e0 surmonter la malnutrition, le poids insuffisant et la mauvaise app\u00e9tence.<\/li>\n<li>Growth Formula WG est pr\u00e9par\u00e9 en volume intelligent pour r\u00e9pondre aux besoins importants et aux petits estomacs.<\/li>\n<li>Growth Formula WG est disponible en sachets pour plus de commodit\u00e9 et une utilisation facile.<\/li>\n<li>Growth Formula WG convient aux adultes de 13 \u00e0 50 ans.<\/li>\n<li>Growth Formula WG est disponible en 4 saveurs naturelles d\u00e9licieuses : chocolat, vanille, fraise et banane.<\/li>\n<li>Growth Formula WG est 100 % naturel.<\/li>\n<li>Growth Formula WG est 100 % non-OGM.<\/li>\n<\/ul>\n","protected":false},"featured_media":9234,"template":"","meta":[],"product_cat":[384],"product_tag":[],"yoast_head":"<!-- This site is optimized with the Yoast SEO plugin v20.0 - https:\/\/yoast.com\/wordpress\/plugins\/seo\/ -->\n<title>Growth Formula WG - BIOPHARMA EGYPT<\/title>\n<meta name=\"robots\" content=\"index, follow, max-snippet:-1, max-image-preview:large, max-video-preview:-1\" \/>\n<link rel=\"canonical\" href=\"https:\/\/biophe.com\/fr\/produit\/growth-formula-weight-gain\/\" \/>\n<meta property=\"og:locale\" content=\"fr_FR\" \/>\n<meta property=\"og:type\" content=\"article\" \/>\n<meta property=\"og:title\" content=\"Growth Formula WG - BIOPHARMA EGYPT\" \/>\n<meta property=\"og:description\" content=\"Apporte une nutrition avanc\u00e9e pour la prise en charge di\u00e9t\u00e9tique de la malnutrition li\u00e9e \u00e0 une maladie.   Growth Formula WG est une formule \u00e9quilibr\u00e9e contenant de l&#039;\u00e9nergie, des prot\u00e9ines, des vitamines et des min\u00e9raux n\u00e9cessaires pour avoir un corps sain et id\u00e9al.  Le shake Growth Formula WG est un compl\u00e9ment nutritionnel oral nutritionnellement \u00e9quilibr\u00e9 scientifiquement formul\u00e9 pour la prise en charge di\u00e9t\u00e9tique de la malnutrition li\u00e9e \u00e0 une maladie:  Immunit\u00e9 alt\u00e9r\u00e9e.  Baisse de la r\u00e9sistance physique.  Maladies fr\u00e9quentes.  Perte de poids.  Growth Formula WG aide \u00e0 surmonter la malnutrition, le poids insuffisant et la mauvaise app\u00e9tence.  Growth Formula WG est pr\u00e9par\u00e9 en volume intelligent pour r\u00e9pondre aux besoins importants et aux petits estomacs.  Growth Formula WG est disponible en sachets pour plus de commodit\u00e9 et une utilisation facile.  Growth Formula WG convient aux adultes de 13 \u00e0 50 ans.  Growth Formula WG est disponible en 4 saveurs naturelles d\u00e9licieuses : chocolat, vanille, fraise et banane.  Growth Formula WG est 100 % naturel.  Growth Formula WG est 100 % non-OGM.\" \/>\n<meta property=\"og:url\" content=\"https:\/\/biophe.com\/fr\/produit\/growth-formula-weight-gain\/\" \/>\n<meta property=\"og:site_name\" content=\"BIOPHARMA EGYPT\" \/>\n<meta property=\"article:modified_time\" content=\"2023-08-14T12:06:33+00:00\" \/>\n<meta property=\"og:image\" content=\"https:\/\/biophe.com\/wp-content\/uploads\/2018\/11\/wg-3.jpg\" \/>\n\t<meta property=\"og:image:width\" content=\"2000\" \/>\n\t<meta property=\"og:image:height\" content=\"2000\" \/>\n\t<meta property=\"og:image:type\" content=\"image\/jpeg\" \/>\n<meta name=\"twitter:card\" content=\"summary_large_image\" \/>\n<meta name=\"twitter:label1\" content=\"Dur\u00e9e de lecture estim\u00e9e\" \/>\n\t<meta name=\"twitter:data1\" content=\"2 minutes\" \/>\n<script type=\"application\/ld+json\" class=\"yoast-schema-graph\">{\"@context\":\"https:\/\/schema.org\",\"@graph\":[{\"@type\":\"WebPage\",\"@id\":\"https:\/\/biophe.com\/fr\/produit\/growth-formula-weight-gain\/\",\"url\":\"https:\/\/biophe.com\/fr\/produit\/growth-formula-weight-gain\/\",\"name\":\"Growth Formula WG - BIOPHARMA EGYPT\",\"isPartOf\":{\"@id\":\"https:\/\/biophe.com\/fr\/#website\"},\"datePublished\":\"2018-11-05T22:21:36+00:00\",\"dateModified\":\"2023-08-14T12:06:33+00:00\",\"breadcrumb\":{\"@id\":\"https:\/\/biophe.com\/fr\/produit\/growth-formula-weight-gain\/#breadcrumb\"},\"inLanguage\":\"fr-FR\",\"potentialAction\":[{\"@type\":\"ReadAction\",\"target\":[\"https:\/\/biophe.com\/fr\/produit\/growth-formula-weight-gain\/\"]}]},{\"@type\":\"BreadcrumbList\",\"@id\":\"https:\/\/biophe.com\/fr\/produit\/growth-formula-weight-gain\/#breadcrumb\",\"itemListElement\":[{\"@type\":\"ListItem\",\"position\":1,\"name\":\"Accueil\",\"item\":\"https:\/\/biophe.com\/fr\/\"},{\"@type\":\"ListItem\",\"position\":2,\"name\":\"Boutique\",\"item\":\"https:\/\/biophe.com\/fr\/boutique\/\"},{\"@type\":\"ListItem\",\"position\":3,\"name\":\"Growth Formula WG\"}]},{\"@type\":\"WebSite\",\"@id\":\"https:\/\/biophe.com\/fr\/#website\",\"url\":\"https:\/\/biophe.com\/fr\/\",\"name\":\"BIOPHARMA EGYPT\",\"description\":\"\",\"publisher\":{\"@id\":\"https:\/\/biophe.com\/fr\/#organization\"},\"potentialAction\":[{\"@type\":\"SearchAction\",\"target\":{\"@type\":\"EntryPoint\",\"urlTemplate\":\"https:\/\/biophe.com\/fr\/?s={search_term_string}\"},\"query-input\":\"required name=search_term_string\"}],\"inLanguage\":\"fr-FR\"},{\"@type\":\"Organization\",\"@id\":\"https:\/\/biophe.com\/fr\/#organization\",\"name\":\"BIOPHARMA EGYPT\",\"url\":\"https:\/\/biophe.com\/fr\/\",\"logo\":{\"@type\":\"ImageObject\",\"inLanguage\":\"fr-FR\",\"@id\":\"https:\/\/biophe.com\/fr\/#\/schema\/logo\/image\/\",\"url\":\"https:\/\/biophe.com\/wp-content\/uploads\/2017\/07\/cropped-33221538_1249950148473824_5904636054022914048_n.png\",\"contentUrl\":\"https:\/\/biophe.com\/wp-content\/uploads\/2017\/07\/cropped-33221538_1249950148473824_5904636054022914048_n.png\",\"width\":512,\"height\":512,\"caption\":\"BIOPHARMA EGYPT\"},\"image\":{\"@id\":\"https:\/\/biophe.com\/fr\/#\/schema\/logo\/image\/\"}}]}<\/script>\n<!-- \/ Yoast SEO plugin. -->","yoast_head_json":{"title":"Growth Formula WG - BIOPHARMA EGYPT","robots":{"index":"index","follow":"follow","max-snippet":"max-snippet:-1","max-image-preview":"max-image-preview:large","max-video-preview":"max-video-preview:-1"},"canonical":"https:\/\/biophe.com\/fr\/produit\/growth-formula-weight-gain\/","og_locale":"fr_FR","og_type":"article","og_title":"Growth Formula WG - BIOPHARMA EGYPT","og_description":"Apporte une nutrition avanc\u00e9e pour la prise en charge di\u00e9t\u00e9tique de la malnutrition li\u00e9e \u00e0 une maladie.   Growth Formula WG est une formule \u00e9quilibr\u00e9e contenant de l'\u00e9nergie, des prot\u00e9ines, des vitamines et des min\u00e9raux n\u00e9cessaires pour avoir un corps sain et id\u00e9al.  Le shake Growth Formula WG est un compl\u00e9ment nutritionnel oral nutritionnellement \u00e9quilibr\u00e9 scientifiquement formul\u00e9 pour la prise en charge di\u00e9t\u00e9tique de la malnutrition li\u00e9e \u00e0 une maladie:  Immunit\u00e9 alt\u00e9r\u00e9e.  Baisse de la r\u00e9sistance physique.  Maladies fr\u00e9quentes.  Perte de poids.  Growth Formula WG aide \u00e0 surmonter la malnutrition, le poids insuffisant et la mauvaise app\u00e9tence.  Growth Formula WG est pr\u00e9par\u00e9 en volume intelligent pour r\u00e9pondre aux besoins importants et aux petits estomacs.  Growth Formula WG est disponible en sachets pour plus de commodit\u00e9 et une utilisation facile.  Growth Formula WG convient aux adultes de 13 \u00e0 50 ans.  Growth Formula WG est disponible en 4 saveurs naturelles d\u00e9licieuses : chocolat, vanille, fraise et banane.  Growth Formula WG est 100 % naturel.  Growth Formula WG est 100 % non-OGM.","og_url":"https:\/\/biophe.com\/fr\/produit\/growth-formula-weight-gain\/","og_site_name":"BIOPHARMA EGYPT","article_modified_time":"2023-08-14T12:06:33+00:00","og_image":[{"width":2000,"height":2000,"url":"https:\/\/biophe.com\/wp-content\/uploads\/2018\/11\/wg-3.jpg","type":"image\/jpeg"}],"twitter_card":"summary_large_image","twitter_misc":{"Dur\u00e9e de lecture estim\u00e9e":"2 minutes"},"schema":{"@context":"https:\/\/schema.org","@graph":[{"@type":"WebPage","@id":"https:\/\/biophe.com\/fr\/produit\/growth-formula-weight-gain\/","url":"https:\/\/biophe.com\/fr\/produit\/growth-formula-weight-gain\/","name":"Growth Formula WG - BIOPHARMA EGYPT","isPartOf":{"@id":"https:\/\/biophe.com\/fr\/#website"},"datePublished":"2018-11-05T22:21:36+00:00","dateModified":"2023-08-14T12:06:33+00:00","breadcrumb":{"@id":"https:\/\/biophe.com\/fr\/produit\/growth-formula-weight-gain\/#breadcrumb"},"inLanguage":"fr-FR","potentialAction":[{"@type":"ReadAction","target":["https:\/\/biophe.com\/fr\/produit\/growth-formula-weight-gain\/"]}]},{"@type":"BreadcrumbList","@id":"https:\/\/biophe.com\/fr\/produit\/growth-formula-weight-gain\/#breadcrumb","itemListElement":[{"@type":"ListItem","position":1,"name":"Accueil","item":"https:\/\/biophe.com\/fr\/"},{"@type":"ListItem","position":2,"name":"Boutique","item":"https:\/\/biophe.com\/fr\/boutique\/"},{"@type":"ListItem","position":3,"name":"Growth Formula WG"}]},{"@type":"WebSite","@id":"https:\/\/biophe.com\/fr\/#website","url":"https:\/\/biophe.com\/fr\/","name":"BIOPHARMA EGYPT","description":"","publisher":{"@id":"https:\/\/biophe.com\/fr\/#organization"},"potentialAction":[{"@type":"SearchAction","target":{"@type":"EntryPoint","urlTemplate":"https:\/\/biophe.com\/fr\/?s={search_term_string}"},"query-input":"required name=search_term_string"}],"inLanguage":"fr-FR"},{"@type":"Organization","@id":"https:\/\/biophe.com\/fr\/#organization","name":"BIOPHARMA EGYPT","url":"https:\/\/biophe.com\/fr\/","logo":{"@type":"ImageObject","inLanguage":"fr-FR","@id":"https:\/\/biophe.com\/fr\/#\/schema\/logo\/image\/","url":"https:\/\/biophe.com\/wp-content\/uploads\/2017\/07\/cropped-33221538_1249950148473824_5904636054022914048_n.png","contentUrl":"https:\/\/biophe.com\/wp-content\/uploads\/2017\/07\/cropped-33221538_1249950148473824_5904636054022914048_n.png","width":512,"height":512,"caption":"BIOPHARMA EGYPT"},"image":{"@id":"https:\/\/biophe.com\/fr\/#\/schema\/logo\/image\/"}}]}},"_links":{"self":[{"href":"https:\/\/biophe.com\/fr\/wp-json\/wp\/v2\/product\/9807"}],"collection":[{"href":"https:\/\/biophe.com\/fr\/wp-json\/wp\/v2\/product"}],"about":[{"href":"https:\/\/biophe.com\/fr\/wp-json\/wp\/v2\/types\/product"}],"wp:featuredmedia":[{"embeddable":true,"href":"https:\/\/biophe.com\/fr\/wp-json\/wp\/v2\/media\/9234"}],"wp:attachment":[{"href":"https:\/\/biophe.com\/fr\/wp-json\/wp\/v2\/media?parent=9807"}],"wp:term":[{"taxonomy":"product_cat","embeddable":true,"href":"https:\/\/biophe.com\/fr\/wp-json\/wp\/v2\/product_cat?post=9807"},{"taxonomy":"product_tag","embeddable":true,"href":"https:\/\/biophe.com\/fr\/wp-json\/wp\/v2\/product_tag?post=9807"}],"curies":[{"name":"wp","href":"https:\/\/api.w.org\/{rel}","templated":true}]}}