{"id":9789,"date":"2018-08-13T22:21:36","date_gmt":"2018-08-13T22:21:36","guid":{"rendered":"https:\/\/biophe.com\/product\/growth-formula-kids\/"},"modified":"2023-08-10T10:38:58","modified_gmt":"2023-08-10T10:38:58","slug":"growth-formula-kids","status":"publish","type":"product","link":"https:\/\/biophe.com\/fr\/produit\/growth-formula-kids\/","title":{"rendered":"Growth Formula For Kids"},"content":{"rendered":"<p>Growth Formula For Kids est une formule nutritionnellement \u00e9quilibr\u00e9e qui contient des prot\u00e9ines de haute qualit\u00e9 avec un spectre complet d&rsquo;acides amin\u00e9s essentiels et non essentiels, des hydrates de carbone, des vitamines et des min\u00e9raux.<br \/>\nGrowth Formula For Kids shake est un compl\u00e9ment nutritionnel oral \u00e9quilibr\u00e9, scientifiquement formul\u00e9 pour favoriser une croissance et un d\u00e9veloppement sains chez les enfants difficiles qui souffrent ou risquent de souffrir de malnutrition li\u00e9e \u00e0 une maladie.<br \/>\nGrowth Formula for Kids aide \u00e0 surmonter les retards de croissance, la malnutrition, l&rsquo;insuffisance pond\u00e9rale et le manque d&rsquo;app\u00e9tit.<\/p>\n<p>Growth Formula for Kids une portion (33g) contient :<\/p>\n<ul>\n<li><img decoding=\"async\" loading=\"lazy\" class=\" wp-image-8264 alignright\" src=\"https:\/\/biophe.com\/wp-content\/uploads\/2018\/08\/Kids-Table.2-300x250.png\" alt=\"\" width=\"352\" height=\"293\" srcset=\"https:\/\/biophe.com\/wp-content\/uploads\/2018\/08\/Kids-Table.2-300x250.png 300w, https:\/\/biophe.com\/wp-content\/uploads\/2018\/08\/Kids-Table.2-1024x853.png 1024w, https:\/\/biophe.com\/wp-content\/uploads\/2018\/08\/Kids-Table.2-768x640.png 768w, https:\/\/biophe.com\/wp-content\/uploads\/2018\/08\/Kids-Table.2-340x283.png 340w, https:\/\/biophe.com\/wp-content\/uploads\/2018\/08\/Kids-Table.2-600x500.png 600w, https:\/\/biophe.com\/wp-content\/uploads\/2018\/08\/Kids-Table.2-125x104.png 125w, https:\/\/biophe.com\/wp-content\/uploads\/2018\/08\/Kids-Table.2.png 1200w\" sizes=\"(max-width: 352px) 100vw, 352px\" \/>  Prot\u00e9ines de haute qualit\u00e9 6,3 g.<\/li>\n<li>  Glucides 23g.<\/li>\n<li>  \u00c9nergie 118 Kcal (494 Kj).<\/li>\n<li>  Calcium 241 mg.<\/li>\n<\/ul>\n<p>Growth Formula for Kids shake est facile \u00e0 pr\u00e9parer en volume intelligent pour r\u00e9pondre aux besoins des enfants ayant de grands besoins et de petits ventres.<br \/>\nGrowth Formula for Kids est disponible en sachets pour une utilisation pratique et facile.<br \/>\nGrowth Formula for Kids convient aux enfants de 1 \u00e0 12 ans.<br \/>\nGrowth Formula for Kids est 100% naturel.<br \/>\nGrowth Formula for Kids est 100 % sans OGM.<\/p>\n<p>Growth Formula for Kids est disponible en :<\/p>\n<ul>\n<li>Emballage 400g &#8211; 1 sachet.<\/li>\n<li>Emballage 330g &#8211; 10 Sachets.<\/li>\n<\/ul>\n<p>Growth Formula for Kids est disponible en 4 ar\u00f4mes naturels d\u00e9licieux : Chocolat, Vanille, Fraise et Banane.<br \/>\nGrowth Formula for Kids contient du lait (cacao ou vanille ou fraise ou banane).<\/p>\n","protected":false},"excerpt":{"rendered":"<p><b>Fournit un soutien nutritionnel avanc\u00e9 aux enfants de 1 \u00e0 12 ans <\/b><b>enfants<\/b><\/p>\n<ul>\n<li>Growth Formula For Kids est une formule bien \u00e9quilibr\u00e9e qui contient l&rsquo;\u00e9nergie, les prot\u00e9ines, les vitamines et les min\u00e9raux n\u00e9cessaires pour avoir un corps sain et id\u00e9al.<\/li>\n<li>Growth Formula for Kids shake est un compl\u00e9ment nutritionnel oral \u00e9quilibr\u00e9, scientifiquement formul\u00e9 pour favoriser une croissance et un d\u00e9veloppement sains chez les enfants difficiles qui souffrent ou risquent de souffrir de malnutrition li\u00e9e \u00e0 une maladie.<\/li>\n<li>Growth Formula for Kids aide \u00e0 surmonter les retards de croissance, la malnutrition, l&rsquo;insuffisance pond\u00e9rale et le manque d&rsquo;app\u00e9tit.<\/li>\n<li>Growth Formula for Kids pr\u00e9par\u00e9 en volume intelligent pour soutenir les enfants ayant de grands besoins et de petits ventres.<\/li>\n<li>Growth Formula for Kids est disponible en sachets pour une utilisation pratique et facile.<\/li>\n<li>Growth Formula for Kids convient aux enfants de 1 \u00e0 12 ans.<\/li>\n<li>Growth Formula for Kids est disponible en 4 saveurs naturelles d\u00e9licieuses : Chocolat, Vanille, Fraise et Banane.<\/li>\n<li>Growth Formula for Kids est 100% naturel.<\/li>\n<li>Growth Formula for Kids est 100 % sans OGM.<\/li>\n<\/ul>\n","protected":false},"featured_media":9238,"template":"","meta":[],"product_cat":[376],"product_tag":[],"yoast_head":"<!-- This site is optimized with the Yoast SEO plugin v20.0 - https:\/\/yoast.com\/wordpress\/plugins\/seo\/ -->\n<title>Growth Formula For Kids - BIOPHARMA EGYPT<\/title>\n<meta name=\"robots\" content=\"index, follow, max-snippet:-1, max-image-preview:large, max-video-preview:-1\" \/>\n<link rel=\"canonical\" href=\"https:\/\/biophe.com\/fr\/produit\/growth-formula-kids\/\" \/>\n<meta property=\"og:locale\" content=\"fr_FR\" \/>\n<meta property=\"og:type\" content=\"article\" \/>\n<meta property=\"og:title\" content=\"Growth Formula For Kids - BIOPHARMA EGYPT\" \/>\n<meta property=\"og:description\" content=\"Fournit un soutien nutritionnel avanc\u00e9 aux enfants de 1 \u00e0 12 ans enfants   Growth Formula For Kids est une formule bien \u00e9quilibr\u00e9e qui contient l&#039;\u00e9nergie, les prot\u00e9ines, les vitamines et les min\u00e9raux n\u00e9cessaires pour avoir un corps sain et id\u00e9al.  Growth Formula for Kids shake est un compl\u00e9ment nutritionnel oral \u00e9quilibr\u00e9, scientifiquement formul\u00e9 pour favoriser une croissance et un d\u00e9veloppement sains chez les enfants difficiles qui souffrent ou risquent de souffrir de malnutrition li\u00e9e \u00e0 une maladie.  Growth Formula for Kids aide \u00e0 surmonter les retards de croissance, la malnutrition, l&#039;insuffisance pond\u00e9rale et le manque d&#039;app\u00e9tit.  Growth Formula for Kids pr\u00e9par\u00e9 en volume intelligent pour soutenir les enfants ayant de grands besoins et de petits ventres.  Growth Formula for Kids est disponible en sachets pour une utilisation pratique et facile.  Growth Formula for Kids convient aux enfants de 1 \u00e0 12 ans.  Growth Formula for Kids est disponible en 4 saveurs naturelles d\u00e9licieuses : Chocolat, Vanille, Fraise et Banane.  Growth Formula for Kids est 100% naturel.  Growth Formula for Kids est 100 % sans OGM.\" \/>\n<meta property=\"og:url\" content=\"https:\/\/biophe.com\/fr\/produit\/growth-formula-kids\/\" \/>\n<meta property=\"og:site_name\" content=\"BIOPHARMA EGYPT\" \/>\n<meta property=\"article:modified_time\" content=\"2023-08-10T10:38:58+00:00\" \/>\n<meta property=\"og:image\" content=\"https:\/\/biophe.com\/wp-content\/uploads\/2018\/08\/kids-2.jpg\" \/>\n\t<meta property=\"og:image:width\" content=\"2000\" \/>\n\t<meta property=\"og:image:height\" content=\"2000\" \/>\n\t<meta property=\"og:image:type\" content=\"image\/jpeg\" \/>\n<meta name=\"twitter:card\" content=\"summary_large_image\" \/>\n<meta name=\"twitter:label1\" content=\"Dur\u00e9e de lecture estim\u00e9e\" \/>\n\t<meta name=\"twitter:data1\" content=\"2 minutes\" \/>\n<script type=\"application\/ld+json\" class=\"yoast-schema-graph\">{\"@context\":\"https:\/\/schema.org\",\"@graph\":[{\"@type\":\"WebPage\",\"@id\":\"https:\/\/biophe.com\/fr\/produit\/growth-formula-kids\/\",\"url\":\"https:\/\/biophe.com\/fr\/produit\/growth-formula-kids\/\",\"name\":\"Growth Formula For Kids - BIOPHARMA EGYPT\",\"isPartOf\":{\"@id\":\"https:\/\/biophe.com\/fr\/#website\"},\"datePublished\":\"2018-08-13T22:21:36+00:00\",\"dateModified\":\"2023-08-10T10:38:58+00:00\",\"breadcrumb\":{\"@id\":\"https:\/\/biophe.com\/fr\/produit\/growth-formula-kids\/#breadcrumb\"},\"inLanguage\":\"fr-FR\",\"potentialAction\":[{\"@type\":\"ReadAction\",\"target\":[\"https:\/\/biophe.com\/fr\/produit\/growth-formula-kids\/\"]}]},{\"@type\":\"BreadcrumbList\",\"@id\":\"https:\/\/biophe.com\/fr\/produit\/growth-formula-kids\/#breadcrumb\",\"itemListElement\":[{\"@type\":\"ListItem\",\"position\":1,\"name\":\"Accueil\",\"item\":\"https:\/\/biophe.com\/fr\/\"},{\"@type\":\"ListItem\",\"position\":2,\"name\":\"Boutique\",\"item\":\"https:\/\/biophe.com\/fr\/boutique\/\"},{\"@type\":\"ListItem\",\"position\":3,\"name\":\"Growth Formula For Kids\"}]},{\"@type\":\"WebSite\",\"@id\":\"https:\/\/biophe.com\/fr\/#website\",\"url\":\"https:\/\/biophe.com\/fr\/\",\"name\":\"BIOPHARMA EGYPT\",\"description\":\"\",\"publisher\":{\"@id\":\"https:\/\/biophe.com\/fr\/#organization\"},\"potentialAction\":[{\"@type\":\"SearchAction\",\"target\":{\"@type\":\"EntryPoint\",\"urlTemplate\":\"https:\/\/biophe.com\/fr\/?s={search_term_string}\"},\"query-input\":\"required name=search_term_string\"}],\"inLanguage\":\"fr-FR\"},{\"@type\":\"Organization\",\"@id\":\"https:\/\/biophe.com\/fr\/#organization\",\"name\":\"BIOPHARMA EGYPT\",\"url\":\"https:\/\/biophe.com\/fr\/\",\"logo\":{\"@type\":\"ImageObject\",\"inLanguage\":\"fr-FR\",\"@id\":\"https:\/\/biophe.com\/fr\/#\/schema\/logo\/image\/\",\"url\":\"https:\/\/biophe.com\/wp-content\/uploads\/2017\/07\/cropped-33221538_1249950148473824_5904636054022914048_n.png\",\"contentUrl\":\"https:\/\/biophe.com\/wp-content\/uploads\/2017\/07\/cropped-33221538_1249950148473824_5904636054022914048_n.png\",\"width\":512,\"height\":512,\"caption\":\"BIOPHARMA EGYPT\"},\"image\":{\"@id\":\"https:\/\/biophe.com\/fr\/#\/schema\/logo\/image\/\"}}]}<\/script>\n<!-- \/ Yoast SEO plugin. -->","yoast_head_json":{"title":"Growth Formula For Kids - BIOPHARMA EGYPT","robots":{"index":"index","follow":"follow","max-snippet":"max-snippet:-1","max-image-preview":"max-image-preview:large","max-video-preview":"max-video-preview:-1"},"canonical":"https:\/\/biophe.com\/fr\/produit\/growth-formula-kids\/","og_locale":"fr_FR","og_type":"article","og_title":"Growth Formula For Kids - BIOPHARMA EGYPT","og_description":"Fournit un soutien nutritionnel avanc\u00e9 aux enfants de 1 \u00e0 12 ans enfants   Growth Formula For Kids est une formule bien \u00e9quilibr\u00e9e qui contient l'\u00e9nergie, les prot\u00e9ines, les vitamines et les min\u00e9raux n\u00e9cessaires pour avoir un corps sain et id\u00e9al.  Growth Formula for Kids shake est un compl\u00e9ment nutritionnel oral \u00e9quilibr\u00e9, scientifiquement formul\u00e9 pour favoriser une croissance et un d\u00e9veloppement sains chez les enfants difficiles qui souffrent ou risquent de souffrir de malnutrition li\u00e9e \u00e0 une maladie.  Growth Formula for Kids aide \u00e0 surmonter les retards de croissance, la malnutrition, l'insuffisance pond\u00e9rale et le manque d'app\u00e9tit.  Growth Formula for Kids pr\u00e9par\u00e9 en volume intelligent pour soutenir les enfants ayant de grands besoins et de petits ventres.  Growth Formula for Kids est disponible en sachets pour une utilisation pratique et facile.  Growth Formula for Kids convient aux enfants de 1 \u00e0 12 ans.  Growth Formula for Kids est disponible en 4 saveurs naturelles d\u00e9licieuses : Chocolat, Vanille, Fraise et Banane.  Growth Formula for Kids est 100% naturel.  Growth Formula for Kids est 100 % sans OGM.","og_url":"https:\/\/biophe.com\/fr\/produit\/growth-formula-kids\/","og_site_name":"BIOPHARMA EGYPT","article_modified_time":"2023-08-10T10:38:58+00:00","og_image":[{"width":2000,"height":2000,"url":"https:\/\/biophe.com\/wp-content\/uploads\/2018\/08\/kids-2.jpg","type":"image\/jpeg"}],"twitter_card":"summary_large_image","twitter_misc":{"Dur\u00e9e de lecture estim\u00e9e":"2 minutes"},"schema":{"@context":"https:\/\/schema.org","@graph":[{"@type":"WebPage","@id":"https:\/\/biophe.com\/fr\/produit\/growth-formula-kids\/","url":"https:\/\/biophe.com\/fr\/produit\/growth-formula-kids\/","name":"Growth Formula For Kids - BIOPHARMA EGYPT","isPartOf":{"@id":"https:\/\/biophe.com\/fr\/#website"},"datePublished":"2018-08-13T22:21:36+00:00","dateModified":"2023-08-10T10:38:58+00:00","breadcrumb":{"@id":"https:\/\/biophe.com\/fr\/produit\/growth-formula-kids\/#breadcrumb"},"inLanguage":"fr-FR","potentialAction":[{"@type":"ReadAction","target":["https:\/\/biophe.com\/fr\/produit\/growth-formula-kids\/"]}]},{"@type":"BreadcrumbList","@id":"https:\/\/biophe.com\/fr\/produit\/growth-formula-kids\/#breadcrumb","itemListElement":[{"@type":"ListItem","position":1,"name":"Accueil","item":"https:\/\/biophe.com\/fr\/"},{"@type":"ListItem","position":2,"name":"Boutique","item":"https:\/\/biophe.com\/fr\/boutique\/"},{"@type":"ListItem","position":3,"name":"Growth Formula For Kids"}]},{"@type":"WebSite","@id":"https:\/\/biophe.com\/fr\/#website","url":"https:\/\/biophe.com\/fr\/","name":"BIOPHARMA EGYPT","description":"","publisher":{"@id":"https:\/\/biophe.com\/fr\/#organization"},"potentialAction":[{"@type":"SearchAction","target":{"@type":"EntryPoint","urlTemplate":"https:\/\/biophe.com\/fr\/?s={search_term_string}"},"query-input":"required name=search_term_string"}],"inLanguage":"fr-FR"},{"@type":"Organization","@id":"https:\/\/biophe.com\/fr\/#organization","name":"BIOPHARMA EGYPT","url":"https:\/\/biophe.com\/fr\/","logo":{"@type":"ImageObject","inLanguage":"fr-FR","@id":"https:\/\/biophe.com\/fr\/#\/schema\/logo\/image\/","url":"https:\/\/biophe.com\/wp-content\/uploads\/2017\/07\/cropped-33221538_1249950148473824_5904636054022914048_n.png","contentUrl":"https:\/\/biophe.com\/wp-content\/uploads\/2017\/07\/cropped-33221538_1249950148473824_5904636054022914048_n.png","width":512,"height":512,"caption":"BIOPHARMA EGYPT"},"image":{"@id":"https:\/\/biophe.com\/fr\/#\/schema\/logo\/image\/"}}]}},"_links":{"self":[{"href":"https:\/\/biophe.com\/fr\/wp-json\/wp\/v2\/product\/9789"}],"collection":[{"href":"https:\/\/biophe.com\/fr\/wp-json\/wp\/v2\/product"}],"about":[{"href":"https:\/\/biophe.com\/fr\/wp-json\/wp\/v2\/types\/product"}],"wp:featuredmedia":[{"embeddable":true,"href":"https:\/\/biophe.com\/fr\/wp-json\/wp\/v2\/media\/9238"}],"wp:attachment":[{"href":"https:\/\/biophe.com\/fr\/wp-json\/wp\/v2\/media?parent=9789"}],"wp:term":[{"taxonomy":"product_cat","embeddable":true,"href":"https:\/\/biophe.com\/fr\/wp-json\/wp\/v2\/product_cat?post=9789"},{"taxonomy":"product_tag","embeddable":true,"href":"https:\/\/biophe.com\/fr\/wp-json\/wp\/v2\/product_tag?post=9789"}],"curies":[{"name":"wp","href":"https:\/\/api.w.org\/{rel}","templated":true}]}}