{"id":9761,"date":"2018-08-13T22:21:36","date_gmt":"2018-08-13T22:21:36","guid":{"rendered":"https:\/\/biophe.com\/product\/growth-formula-pregnant\/"},"modified":"2023-05-15T12:33:27","modified_gmt":"2023-05-15T12:33:27","slug":"growth-formula-pregnant","status":"publish","type":"product","link":"https:\/\/biophe.com\/fr\/produit\/growth-formula-pregnant\/","title":{"rendered":"Growth Formula For Pregnant Woman"},"content":{"rendered":"<p>Growth Formula For Pregnant Woman est une formule de suppl\u00e9ment nutritionnel oral bien \u00e9quilibr\u00e9e avec une source pratique de prot\u00e9ines, d&rsquo;\u00e9nergie, de calcium, d&rsquo;acide folique et bien d&rsquo;autres encore.<br \/>\nGrowth Formula For Pregnant Woman est sp\u00e9cialement con\u00e7ue pour aider les femmes en pr\u00e9conception, enceintes et les m\u00e8res allaitantes \u00e0 r\u00e9pondre \u00e0 leurs besoins accrus en nutriments.<br \/>\nGrowth Formula For Pregnant Woman soutient toutes les \u00e9tapes de la maternit\u00e9, de la pr\u00e9conception \u00e0 la grossesse et \u00e0 la lactation.<br \/>\nGrowth Formula For Pregnant Woman soutient les m\u00e8res allaitantes pour augmenter la qualit\u00e9 et la quantit\u00e9 de lait maternel.<br \/>\nGrowth Formula For Pregnant Woman contient :<\/p>\n<ul>\n<li>7,5 g de prot\u00e9ines de haute qualit\u00e9.<\/li>\n<li>14 g de glucides.<\/li>\n<li>103,5 kcal (433 Kj) d&rsquo;\u00e9nergie.<\/li>\n<li>249 mg de calcium.<\/li>\n<li>500 mcg d&rsquo;acide folique.<\/li>\n<\/ul>\n<p>Growth Formula For Pregnant Woman est 100 % naturelle.<br \/>\nGrowth Formula For Pregnant Woman est 100 % non-OGM.<br \/>\nGrowth Formula For Pregnant Woman est disponible en paquet de 250g &#8211; 10 sachets.<br \/>\nGrowth Formula For Pregnant Woman est disponible en 2 saveurs naturelles et d\u00e9licieuses : Chocolat et Vanille.<br \/>\nGrowth Formula For Pregnant Woman contient du lait (cacao ou vanille).<\/p>\n","protected":false},"excerpt":{"rendered":"<p><b>Fournit un soutien nutritionnel avanc\u00e9 aux futures mamans et \u00e0 leurs b\u00e9b\u00e9s <\/b><\/p>\n<ul>\n<li>Growth Formula For Pregnant Woman est une formule de suppl\u00e9ment nutritionnel oral bien \u00e9quilibr\u00e9e avec une source pratique de prot\u00e9ines, d&rsquo;\u00e9nergie, de calcium, d&rsquo;acide folique et bien plus encore.<\/li>\n<li>Growth Formula For Pregnant Woman est sp\u00e9cialement con\u00e7ue pour aider les femmes enceintes et les m\u00e8res qui allaitent \u00e0 r\u00e9pondre \u00e0 leurs besoins nutritionnels accrus.<\/li>\n<li>Growth Formula For Pregnant Woman est facile \u00e0 pr\u00e9parer en volume intelligent pour r\u00e9pondre \u00e0 tous les changements d&rsquo;app\u00e9tit qui se produisent pour profiter du parcours de la maternit\u00e9.<\/li>\n<li>Growth Formula For Pregnant Woman est disponible en sachets pour plus de commodit\u00e9 et une utilisation facile.<\/li>\n<li>Growth Formula For Pregnant Woman est prise 1 \u00e0 3 fois par jour apr\u00e8s les repas en fonction du stade et de l&rsquo;\u00e9tat corporel.<\/li>\n<li>Growth Formula For Pregnant Woman est disponible en 2 saveurs naturelles d\u00e9licieuses : chocolat et vanille.<\/li>\n<li>Growth Formula For Pregnant Woman est 100% naturelle.<\/li>\n<li>Growth Formula For Pregnant Woman est 100% non-OGM.<\/li>\n<\/ul>\n","protected":false},"featured_media":9236,"template":"","meta":[],"product_cat":[376],"product_tag":[],"yoast_head":"<!-- This site is optimized with the Yoast SEO plugin v20.0 - https:\/\/yoast.com\/wordpress\/plugins\/seo\/ -->\n<title>Growth Formula For Pregnant Woman - BIOPHARMA EGYPT<\/title>\n<meta name=\"robots\" content=\"index, follow, max-snippet:-1, max-image-preview:large, max-video-preview:-1\" \/>\n<link rel=\"canonical\" href=\"https:\/\/biophe.com\/fr\/produit\/growth-formula-pregnant\/\" \/>\n<meta property=\"og:locale\" content=\"fr_FR\" \/>\n<meta property=\"og:type\" content=\"article\" \/>\n<meta property=\"og:title\" content=\"Growth Formula For Pregnant Woman - BIOPHARMA EGYPT\" \/>\n<meta property=\"og:description\" content=\"Fournit un soutien nutritionnel avanc\u00e9 aux futures mamans et \u00e0 leurs b\u00e9b\u00e9s    Growth Formula For Pregnant Woman est une formule de suppl\u00e9ment nutritionnel oral bien \u00e9quilibr\u00e9e avec une source pratique de prot\u00e9ines, d&#039;\u00e9nergie, de calcium, d&#039;acide folique et bien plus encore.  Growth Formula For Pregnant Woman est sp\u00e9cialement con\u00e7ue pour aider les femmes enceintes et les m\u00e8res qui allaitent \u00e0 r\u00e9pondre \u00e0 leurs besoins nutritionnels accrus.  Growth Formula For Pregnant Woman est facile \u00e0 pr\u00e9parer en volume intelligent pour r\u00e9pondre \u00e0 tous les changements d&#039;app\u00e9tit qui se produisent pour profiter du parcours de la maternit\u00e9.  Growth Formula For Pregnant Woman est disponible en sachets pour plus de commodit\u00e9 et une utilisation facile.  Growth Formula For Pregnant Woman est prise 1 \u00e0 3 fois par jour apr\u00e8s les repas en fonction du stade et de l&#039;\u00e9tat corporel.  Growth Formula For Pregnant Woman est disponible en 2 saveurs naturelles d\u00e9licieuses : chocolat et vanille.  Growth Formula For Pregnant Woman est 100% naturelle.  Growth Formula For Pregnant Woman est 100% non-OGM.\" \/>\n<meta property=\"og:url\" content=\"https:\/\/biophe.com\/fr\/produit\/growth-formula-pregnant\/\" \/>\n<meta property=\"og:site_name\" content=\"BIOPHARMA EGYPT\" \/>\n<meta property=\"article:modified_time\" content=\"2023-05-15T12:33:27+00:00\" \/>\n<meta property=\"og:image\" content=\"https:\/\/biophe.com\/wp-content\/uploads\/2018\/08\/pregnant-5.jpg\" \/>\n\t<meta property=\"og:image:width\" content=\"2000\" \/>\n\t<meta property=\"og:image:height\" content=\"2000\" \/>\n\t<meta property=\"og:image:type\" content=\"image\/jpeg\" \/>\n<meta name=\"twitter:card\" content=\"summary_large_image\" \/>\n<meta name=\"twitter:label1\" content=\"Dur\u00e9e de lecture estim\u00e9e\" \/>\n\t<meta name=\"twitter:data1\" content=\"1 minute\" \/>\n<script type=\"application\/ld+json\" class=\"yoast-schema-graph\">{\"@context\":\"https:\/\/schema.org\",\"@graph\":[{\"@type\":\"WebPage\",\"@id\":\"https:\/\/biophe.com\/fr\/produit\/growth-formula-pregnant\/\",\"url\":\"https:\/\/biophe.com\/fr\/produit\/growth-formula-pregnant\/\",\"name\":\"Growth Formula For Pregnant Woman - BIOPHARMA EGYPT\",\"isPartOf\":{\"@id\":\"https:\/\/biophe.com\/fr\/#website\"},\"datePublished\":\"2018-08-13T22:21:36+00:00\",\"dateModified\":\"2023-05-15T12:33:27+00:00\",\"breadcrumb\":{\"@id\":\"https:\/\/biophe.com\/fr\/produit\/growth-formula-pregnant\/#breadcrumb\"},\"inLanguage\":\"fr-FR\",\"potentialAction\":[{\"@type\":\"ReadAction\",\"target\":[\"https:\/\/biophe.com\/fr\/produit\/growth-formula-pregnant\/\"]}]},{\"@type\":\"BreadcrumbList\",\"@id\":\"https:\/\/biophe.com\/fr\/produit\/growth-formula-pregnant\/#breadcrumb\",\"itemListElement\":[{\"@type\":\"ListItem\",\"position\":1,\"name\":\"Accueil\",\"item\":\"https:\/\/biophe.com\/fr\/\"},{\"@type\":\"ListItem\",\"position\":2,\"name\":\"Boutique\",\"item\":\"https:\/\/biophe.com\/fr\/boutique\/\"},{\"@type\":\"ListItem\",\"position\":3,\"name\":\"Growth Formula For Pregnant Woman\"}]},{\"@type\":\"WebSite\",\"@id\":\"https:\/\/biophe.com\/fr\/#website\",\"url\":\"https:\/\/biophe.com\/fr\/\",\"name\":\"BIOPHARMA EGYPT\",\"description\":\"\",\"publisher\":{\"@id\":\"https:\/\/biophe.com\/fr\/#organization\"},\"potentialAction\":[{\"@type\":\"SearchAction\",\"target\":{\"@type\":\"EntryPoint\",\"urlTemplate\":\"https:\/\/biophe.com\/fr\/?s={search_term_string}\"},\"query-input\":\"required name=search_term_string\"}],\"inLanguage\":\"fr-FR\"},{\"@type\":\"Organization\",\"@id\":\"https:\/\/biophe.com\/fr\/#organization\",\"name\":\"BIOPHARMA EGYPT\",\"url\":\"https:\/\/biophe.com\/fr\/\",\"logo\":{\"@type\":\"ImageObject\",\"inLanguage\":\"fr-FR\",\"@id\":\"https:\/\/biophe.com\/fr\/#\/schema\/logo\/image\/\",\"url\":\"https:\/\/biophe.com\/wp-content\/uploads\/2017\/07\/cropped-33221538_1249950148473824_5904636054022914048_n.png\",\"contentUrl\":\"https:\/\/biophe.com\/wp-content\/uploads\/2017\/07\/cropped-33221538_1249950148473824_5904636054022914048_n.png\",\"width\":512,\"height\":512,\"caption\":\"BIOPHARMA EGYPT\"},\"image\":{\"@id\":\"https:\/\/biophe.com\/fr\/#\/schema\/logo\/image\/\"}}]}<\/script>\n<!-- \/ Yoast SEO plugin. -->","yoast_head_json":{"title":"Growth Formula For Pregnant Woman - BIOPHARMA EGYPT","robots":{"index":"index","follow":"follow","max-snippet":"max-snippet:-1","max-image-preview":"max-image-preview:large","max-video-preview":"max-video-preview:-1"},"canonical":"https:\/\/biophe.com\/fr\/produit\/growth-formula-pregnant\/","og_locale":"fr_FR","og_type":"article","og_title":"Growth Formula For Pregnant Woman - BIOPHARMA EGYPT","og_description":"Fournit un soutien nutritionnel avanc\u00e9 aux futures mamans et \u00e0 leurs b\u00e9b\u00e9s    Growth Formula For Pregnant Woman est une formule de suppl\u00e9ment nutritionnel oral bien \u00e9quilibr\u00e9e avec une source pratique de prot\u00e9ines, d'\u00e9nergie, de calcium, d'acide folique et bien plus encore.  Growth Formula For Pregnant Woman est sp\u00e9cialement con\u00e7ue pour aider les femmes enceintes et les m\u00e8res qui allaitent \u00e0 r\u00e9pondre \u00e0 leurs besoins nutritionnels accrus.  Growth Formula For Pregnant Woman est facile \u00e0 pr\u00e9parer en volume intelligent pour r\u00e9pondre \u00e0 tous les changements d'app\u00e9tit qui se produisent pour profiter du parcours de la maternit\u00e9.  Growth Formula For Pregnant Woman est disponible en sachets pour plus de commodit\u00e9 et une utilisation facile.  Growth Formula For Pregnant Woman est prise 1 \u00e0 3 fois par jour apr\u00e8s les repas en fonction du stade et de l'\u00e9tat corporel.  Growth Formula For Pregnant Woman est disponible en 2 saveurs naturelles d\u00e9licieuses : chocolat et vanille.  Growth Formula For Pregnant Woman est 100% naturelle.  Growth Formula For Pregnant Woman est 100% non-OGM.","og_url":"https:\/\/biophe.com\/fr\/produit\/growth-formula-pregnant\/","og_site_name":"BIOPHARMA EGYPT","article_modified_time":"2023-05-15T12:33:27+00:00","og_image":[{"width":2000,"height":2000,"url":"https:\/\/biophe.com\/wp-content\/uploads\/2018\/08\/pregnant-5.jpg","type":"image\/jpeg"}],"twitter_card":"summary_large_image","twitter_misc":{"Dur\u00e9e de lecture estim\u00e9e":"1 minute"},"schema":{"@context":"https:\/\/schema.org","@graph":[{"@type":"WebPage","@id":"https:\/\/biophe.com\/fr\/produit\/growth-formula-pregnant\/","url":"https:\/\/biophe.com\/fr\/produit\/growth-formula-pregnant\/","name":"Growth Formula For Pregnant Woman - BIOPHARMA EGYPT","isPartOf":{"@id":"https:\/\/biophe.com\/fr\/#website"},"datePublished":"2018-08-13T22:21:36+00:00","dateModified":"2023-05-15T12:33:27+00:00","breadcrumb":{"@id":"https:\/\/biophe.com\/fr\/produit\/growth-formula-pregnant\/#breadcrumb"},"inLanguage":"fr-FR","potentialAction":[{"@type":"ReadAction","target":["https:\/\/biophe.com\/fr\/produit\/growth-formula-pregnant\/"]}]},{"@type":"BreadcrumbList","@id":"https:\/\/biophe.com\/fr\/produit\/growth-formula-pregnant\/#breadcrumb","itemListElement":[{"@type":"ListItem","position":1,"name":"Accueil","item":"https:\/\/biophe.com\/fr\/"},{"@type":"ListItem","position":2,"name":"Boutique","item":"https:\/\/biophe.com\/fr\/boutique\/"},{"@type":"ListItem","position":3,"name":"Growth Formula For Pregnant Woman"}]},{"@type":"WebSite","@id":"https:\/\/biophe.com\/fr\/#website","url":"https:\/\/biophe.com\/fr\/","name":"BIOPHARMA EGYPT","description":"","publisher":{"@id":"https:\/\/biophe.com\/fr\/#organization"},"potentialAction":[{"@type":"SearchAction","target":{"@type":"EntryPoint","urlTemplate":"https:\/\/biophe.com\/fr\/?s={search_term_string}"},"query-input":"required name=search_term_string"}],"inLanguage":"fr-FR"},{"@type":"Organization","@id":"https:\/\/biophe.com\/fr\/#organization","name":"BIOPHARMA EGYPT","url":"https:\/\/biophe.com\/fr\/","logo":{"@type":"ImageObject","inLanguage":"fr-FR","@id":"https:\/\/biophe.com\/fr\/#\/schema\/logo\/image\/","url":"https:\/\/biophe.com\/wp-content\/uploads\/2017\/07\/cropped-33221538_1249950148473824_5904636054022914048_n.png","contentUrl":"https:\/\/biophe.com\/wp-content\/uploads\/2017\/07\/cropped-33221538_1249950148473824_5904636054022914048_n.png","width":512,"height":512,"caption":"BIOPHARMA EGYPT"},"image":{"@id":"https:\/\/biophe.com\/fr\/#\/schema\/logo\/image\/"}}]}},"_links":{"self":[{"href":"https:\/\/biophe.com\/fr\/wp-json\/wp\/v2\/product\/9761"}],"collection":[{"href":"https:\/\/biophe.com\/fr\/wp-json\/wp\/v2\/product"}],"about":[{"href":"https:\/\/biophe.com\/fr\/wp-json\/wp\/v2\/types\/product"}],"wp:featuredmedia":[{"embeddable":true,"href":"https:\/\/biophe.com\/fr\/wp-json\/wp\/v2\/media\/9236"}],"wp:attachment":[{"href":"https:\/\/biophe.com\/fr\/wp-json\/wp\/v2\/media?parent=9761"}],"wp:term":[{"taxonomy":"product_cat","embeddable":true,"href":"https:\/\/biophe.com\/fr\/wp-json\/wp\/v2\/product_cat?post=9761"},{"taxonomy":"product_tag","embeddable":true,"href":"https:\/\/biophe.com\/fr\/wp-json\/wp\/v2\/product_tag?post=9761"}],"curies":[{"name":"wp","href":"https:\/\/api.w.org\/{rel}","templated":true}]}}