{"id":9659,"date":"2023-02-15T23:21:25","date_gmt":"2023-02-15T23:21:25","guid":{"rendered":"https:\/\/biophe.com\/contact-us\/"},"modified":"2023-05-06T20:44:49","modified_gmt":"2023-05-06T20:44:49","slug":"contact-us","status":"publish","type":"page","link":"https:\/\/biophe.com\/fr\/contact-us\/","title":{"rendered":"Contactez-nous"},"content":{"rendered":"<section class=\"wpb-content-wrapper\"><p>[vc_row scrollreveal_type=\u00a0\u00bbslide_from_bottom\u00a0\u00bb scrollreveal_elements=\u00a0\u00bbitems\u00a0\u00bb el_class=\u00a0\u00bbswap-on-mobile\u00a0\u00bb][vc_column width=\u00a0\u00bb1\/2&Prime; offset=\u00a0\u00bbvc_col-lg-offset-0 vc_col-md-offset-0 vc_col-sm-offset-0 vc_col-xs-12 vc_hidden-xs\u00a0\u00bb][vc_column_text]<\/p>\n<div class=\"fl-col-group fl-node-579bfc7233a79\" data-node=\"579bfc7233a79\">\n<div class=\"fl-col fl-node-579bfc7233bb6\" data-node=\"579bfc7233bb6\">\n<div class=\"fl-col-content fl-node-content\">\n<div class=\"fl-module fl-module-rich-text fl-node-579bfbc80c1ab\" data-node=\"579bfbc80c1ab\">\n<div class=\"fl-module-content fl-node-content\">\n<div class=\"fl-rich-text\">\n<h6>Contactez-nous et nous vous r\u00e9pondrons d\u00e8s que possible.<\/h6>\n<h6>Nous avons h\u00e2te d&rsquo;avoir de tes nouvelles!<\/h6>\n<\/div>\n<\/div>\n<\/div>\n<\/div>\n<\/div>\n<\/div>\n<p>[\/vc_column_text]<div class=\"align-Left \"><ul class=\"social-icons-list   vc_custom_1683297763796 icon-weight-bold\" id=\"like_sc_header_631702853\"><li class=\" \"><span class=\"fas fa-phone-alt\"><\/span><span class=\"head\">+202 38 204 351\/2\/4<\/span><\/li><li class=\" \"><span class=\"fas fa-envelope\"><\/span><span class=\"head\">main@biophe.com<\/span><\/li><li class=\" \"><span class=\"\"><\/span><span class=\"head\"><\/span><\/li><li class=\" \"><span class=\"fas fa-map-marker-alt\"><\/span><span class=\"head\">Usine : Terrain 79, 3e zone industrielle, 6 octobre, 12451 Gizeh.<\/span><\/li><li class=\" \"><span class=\"far fa-clock\"><\/span><span class=\"head\">Heures d'ouverture : Dimanche - Jeudi 08:30 \u2013 16:30<\/span><\/li><li class=\" \"><span class=\"\"><\/span><span class=\"head\"><\/span><\/li><li class=\" \"><span class=\"fas fa-map-marker-alt\"><\/span><span class=\"head\">Bureau des ventes : 5, rue Mossadak, Dokki, Gizeh, \u00c9gypte<\/span><\/li><li class=\" \"><span class=\"far fa-clock\"><\/span><span class=\"head\">Heures d'ouverture : Dimanche - Jeudi 09:00 - 17:00<\/span><\/li><\/ul><\/div><div class=\"es-resp\">\t<div class=\"visible-xl\" style=\"height: 0px;\"><\/div>\t<div class=\"hidden-xl hidden-md hidden-sm hidden-ms hidden-xs\" style=\"height: 0px;\"><\/div>\t<div class=\"visible-md\" style=\"height: 0px;\"><\/div>\t<div class=\"visible-sm \" style=\"height: 48px;\"><\/div>\t<div class=\"visible-ms\" style=\"height: 48px;\"><\/div>\t<div class=\"visible-xs\" style=\"height: 48px;\"><\/div><\/div>[\/vc_column][vc_column width=\u00a0\u00bb1\/2&Prime; offset=\u00a0\u00bbvc_hidden-xs\u00a0\u00bb][vc_raw_html]JTVCZm9ybWluYXRvcl9mb3JtJTIwaWQlM0QlMjI5NzQ5JTIyJTVE[\/vc_raw_html][\/vc_column][\/vc_row][vc_row scrollreveal_type=\u00a0\u00bbslide_from_bottom\u00a0\u00bb scrollreveal_elements=\u00a0\u00bbitems\u00a0\u00bb el_class=\u00a0\u00bbswap-on-mobile\u00a0\u00bb][vc_column offset=\u00a0\u00bbvc_col-lg-offset-0 vc_hidden-lg vc_col-md-offset-0 vc_hidden-md vc_col-sm-offset-0 vc_hidden-sm vc_col-xs-12&Prime;][vc_column_text]<\/p>\n<div class=\"fl-col-group fl-node-579bfc7233a79\" data-node=\"579bfc7233a79\">\n<div class=\"fl-col fl-node-579bfc7233bb6\" data-node=\"579bfc7233bb6\">\n<div class=\"fl-col-content fl-node-content\">\n<div class=\"fl-module fl-module-rich-text fl-node-579bfbc80c1ab\" data-node=\"579bfbc80c1ab\">\n<div class=\"fl-module-content fl-node-content\">\n<div class=\"fl-rich-text\">\n<h6>Contactez-nous et nous vous r\u00e9pondrons d\u00e8s que possible.\u00a0Nous avons h\u00e2te d&rsquo;avoir de tes nouvelles!<\/h6>\n<\/div>\n<\/div>\n<\/div>\n<\/div>\n<\/div>\n<\/div>\n<p>[\/vc_column_text]<div class=\"align-Left \"><ul class=\"social-icons-list   vc_custom_1683399405366 icon-weight-bold\" id=\"like_sc_header_1896319188\"><li class=\" \"><span class=\"fas fa-phone-alt\"><\/span><span class=\"head\">+202 38 204 351\/2\/4<\/span><\/li><li class=\" \"><span class=\"fas fa-envelope\"><\/span><span class=\"head\">main@biophe.com<\/span><\/li><li class=\" \"><span class=\"\"><\/span><span class=\"head\"><\/span><\/li><li class=\" \"><span class=\"fas fa-map-marker-alt\"><\/span><span class=\"head\">Usine : Terrain 79, 3e zone industrielle, 6 octobre, 12451 Gizeh.<\/span><\/li><li class=\" \"><span class=\"far fa-clock\"><\/span><span class=\"head\">Heures d'ouverture : Dimanche - Jeudi 08:30 \u2013 16:30<\/span><\/li><li class=\" \"><span class=\"\"><\/span><span class=\"head\"><\/span><\/li><li class=\" \"><span class=\"fas fa-map-marker-alt\"><\/span><span class=\"head\">Bureau des ventes : 5, rue Mossadak, Dokki, Gizeh, \u00c9gypte<\/span><\/li><li class=\" \"><span class=\"far fa-clock\"><\/span><span class=\"head\">Heures d'ouverture : Dimanche - Jeudi 09:00 - 17:00<\/span><\/li><\/ul><\/div><div class=\"es-resp\">\t<div class=\"visible-xl\" style=\"height: 0px;\"><\/div>\t<div class=\"hidden-xl hidden-md hidden-sm hidden-ms hidden-xs\" style=\"height: 0px;\"><\/div>\t<div class=\"visible-md\" style=\"height: 0px;\"><\/div>\t<div class=\"visible-sm \" style=\"height: 48px;\"><\/div>\t<div class=\"visible-ms\" style=\"height: 48px;\"><\/div>\t<div class=\"visible-xs\" style=\"height: 48px;\"><\/div><\/div>[vc_raw_html]JTVCZm9ybWluYXRvcl9mb3JtJTIwaWQlM0QlMjI5NzQ5JTIyJTVE[\/vc_raw_html][\/vc_column][\/vc_row][vc_row][vc_column]<div class=\"es-resp\"><\/div>[\/vc_column][\/vc_row][vc_row full_width=\u00a0\u00bbstretch_row_content_no_spaces\u00a0\u00bb css_animation=\u00a0\u00bbfadeInUp\u00a0\u00bb link=\u00a0\u00bb#E-8_JTNDaWZyYW1lJTIwc3JjJTNEJTIyaHR0cHMlM0ElMkYlMkZ3d3cuZ29vZ2xlLmNvbSUyRm1hcHMlMkZlbWJlZCUzRnBiJTNEJTIxMW0xNCUyMTFtOCUyMTFtMyUyMTFkMTM4MTUuMzQwNDE5ODIxMTQlMjEyZDMxLjIwOTU0MDklMjEzZDMwLjA0MTU4ODIlMjEzbTIlMjExaTEwMjQlMjEyaTc2OCUyMTRmMTMuMSUyMTNtMyUyMTFtMiUyMTFzMHgwJTI1M0EweDk5NDc3M2ZlY2YyOWQzMzYlMjEyc0JJTyUyNTIwUEhBUk1BJTI1MjBFR1lQVCUyNTIwcy5hLmUlMjE1ZTAlMjEzbTIlMjExc2VuJTIxMnNlZyUyMTR2MTY3MTU0NDI0NzgwNCUyMTVtMiUyMTFzZW4lMjEyc2VnJTIyJTIwd2lkdGglM0QlMjI2MDAlMjIlMjBoZWlnaHQlM0QlMjI0NTAlMjIlMjBzdHlsZSUzRCUyMmJvcmRlciUzQTAlM0IlMjIlMjBhbGxvd2Z1bGxzY3JlZW4lM0QlMjIlMjIlMjBsb2FkaW5nJTNEJTIybGF6eSUyMiUyMHJlZmVycmVycG9saWN5JTNEJTIybm8tcmVmZXJyZXItd2hlbi1kb3duZ3JhZGUlMjIlM0UlM0MlMkZpZnJhbWUlM0U=\u00a0\u00bb size=\u00a0\u00bbstandard\u00a0\u00bb title=\u00a0\u00bb\u00a0\u00bb][vc_column][vc_gmaps link=\u00a0\u00bb#E-8_JTNDaWZyYW1lJTIwc3JjJTNEJTIyaHR0cHMlM0ElMkYlMkZ3d3cuZ29vZ2xlLmNvbSUyRm1hcHMlMkZlbWJlZCUzRnBiJTNEJTIxMW0xNCUyMTFtOCUyMTFtMyUyMTFkMTM4MTUuMzQwNDE5ODIxMTQlMjEyZDMxLjIwOTU0MDklMjEzZDMwLjA0MTU4ODIlMjEzbTIlMjExaTEwMjQlMjEyaTc2OCUyMTRmMTMuMSUyMTNtMyUyMTFtMiUyMTFzMHgwJTI1M0EweDk5NDc3M2ZlY2YyOWQzMzYlMjEyc0JJTyUyNTIwUEhBUk1BJTI1MjBFR1lQVCUyNTIwcy5hLmUlMjE1ZTAlMjEzbTIlMjExc2VuJTIxMnNlZyUyMTR2MTY3MTU0NDI0NzgwNCUyMTVtMiUyMTFzZW4lMjEyc2VnJTIyJTIwd2lkdGglM0QlMjI2MDAlMjIlMjBoZWlnaHQlM0QlMjI0NTAlMjIlMjBzdHlsZSUzRCUyMmJvcmRlciUzQTAlM0IlMjIlMjBhbGxvd2Z1bGxzY3JlZW4lM0QlMjIlMjIlMjBsb2FkaW5nJTNEJTIybGF6eSUyMiUyMHJlZmVycmVycG9saWN5JTNEJTIybm8tcmVmZXJyZXItd2hlbi1kb3duZ3JhZGUlMjIlM0UlM0MlMkZpZnJhbWUlM0U=\u00a0\u00bb css_animation=\u00a0\u00bbfadeInUp\u00a0\u00bb]<div class=\"es-resp\"><\/div>[\/vc_column][\/vc_row]<\/p>\n<\/section>","protected":false},"excerpt":{"rendered":"<p>[vc_row scrollreveal_type=\u00a0\u00bbslide_from_bottom\u00a0\u00bb scrollreveal_elements=\u00a0\u00bbitems\u00a0\u00bb el_class=\u00a0\u00bbswap-on-mobile\u00a0\u00bb][vc_column width=\u00a0\u00bb1\/2&Prime; offset=\u00a0\u00bbvc_col-lg-offset-0 vc_col-md-offset-0 vc_col-sm-offset-0 vc_col-xs-12 vc_hidden-xs\u00a0\u00bb][vc_column_text] Contactez-nous et nous vous r\u00e9pondrons d\u00e8s que possible. Nous avons h\u00e2te d&rsquo;avoir de tes nouvelles! [\/vc_column_text][\/vc_column][vc_column width=\u00a0\u00bb1\/2&Prime; offset=\u00a0\u00bbvc_hidden-xs\u00a0\u00bb][vc_raw_html]JTVCZm9ybWluYXRvcl9mb3JtJTIwaWQlM0QlMjI5NzQ5JTIyJTVE[\/vc_raw_html][\/vc_column][\/vc_row][vc_row scrollreveal_type=\u00a0\u00bbslide_from_bottom\u00a0\u00bb scrollreveal_elements=\u00a0\u00bbitems\u00a0\u00bb el_class=\u00a0\u00bbswap-on-mobile\u00a0\u00bb][vc_column offset=\u00a0\u00bbvc_col-lg-offset-0 vc_hidden-lg vc_col-md-offset-0 vc_hidden-md vc_col-sm-offset-0 vc_hidden-sm vc_col-xs-12&Prime;][vc_column_text] Contactez-nous et nous vous r\u00e9pondrons d\u00e8s que possible.\u00a0Nous avons h\u00e2te d&rsquo;avoir de tes nouvelles! [\/vc_column_text][vc_raw_html]JTVCZm9ybWluYXRvcl9mb3JtJTIwaWQlM0QlMjI5NzQ5JTIyJTVE[\/vc_raw_html][\/vc_column][\/vc_row][vc_row][vc_column][\/vc_column][\/vc_row][vc_row full_width=\u00a0\u00bbstretch_row_content_no_spaces\u00a0\u00bb css_animation=\u00a0\u00bbfadeInUp\u00a0\u00bb link=\u00a0\u00bb#E-8_JTNDaWZyYW1lJTIwc3JjJTNEJTIyaHR0cHMlM0ElMkYlMkZ3d3cuZ29vZ2xlLmNvbSUyRm1hcHMlMkZlbWJlZCUzRnBiJTNEJTIxMW0xNCUyMTFtOCUyMTFtMyUyMTFkMTM4MTUuMzQwNDE5ODIxMTQlMjEyZDMxLjIwOTU0MDklMjEzZDMwLjA0MTU4ODIlMjEzbTIlMjExaTEwMjQlMjEyaTc2OCUyMTRmMTMuMSUyMTNtMyUyMTFtMiUyMTFzMHgwJTI1M0EweDk5NDc3M2ZlY2YyOWQzMzYlMjEyc0JJTyUyNTIwUEhBUk1BJTI1MjBFR1lQVCUyNTIwcy5hLmUlMjE1ZTAlMjEzbTIlMjExc2VuJTIxMnNlZyUyMTR2MTY3MTU0NDI0NzgwNCUyMTVtMiUyMTFzZW4lMjEyc2VnJTIyJTIwd2lkdGglM0QlMjI2MDAlMjIlMjBoZWlnaHQlM0QlMjI0NTAlMjIlMjBzdHlsZSUzRCUyMmJvcmRlciUzQTAlM0IlMjIlMjBhbGxvd2Z1bGxzY3JlZW4lM0QlMjIlMjIlMjBsb2FkaW5nJTNEJTIybGF6eSUyMiUyMHJlZmVycmVycG9saWN5JTNEJTIybm8tcmVmZXJyZXItd2hlbi1kb3duZ3JhZGUlMjIlM0UlM0MlMkZpZnJhbWUlM0U=\u00a0\u00bb size=\u00a0\u00bbstandard\u00a0\u00bb title=\u00a0\u00bb\u00a0\u00bb][vc_column][vc_gmaps link=\u00a0\u00bb#E-8_JTNDaWZyYW1lJTIwc3JjJTNEJTIyaHR0cHMlM0ElMkYlMkZ3d3cuZ29vZ2xlLmNvbSUyRm1hcHMlMkZlbWJlZCUzRnBiJTNEJTIxMW0xNCUyMTFtOCUyMTFtMyUyMTFkMTM4MTUuMzQwNDE5ODIxMTQlMjEyZDMxLjIwOTU0MDklMjEzZDMwLjA0MTU4ODIlMjEzbTIlMjExaTEwMjQlMjEyaTc2OCUyMTRmMTMuMSUyMTNtMyUyMTFtMiUyMTFzMHgwJTI1M0EweDk5NDc3M2ZlY2YyOWQzMzYlMjEyc0JJTyUyNTIwUEhBUk1BJTI1MjBFR1lQVCUyNTIwcy5hLmUlMjE1ZTAlMjEzbTIlMjExc2VuJTIxMnNlZyUyMTR2MTY3MTU0NDI0NzgwNCUyMTVtMiUyMTFzZW4lMjEyc2VnJTIyJTIwd2lkdGglM0QlMjI2MDAlMjIlMjBoZWlnaHQlM0QlMjI0NTAlMjIlMjBzdHlsZSUzRCUyMmJvcmRlciUzQTAlM0IlMjIlMjBhbGxvd2Z1bGxzY3JlZW4lM0QlMjIlMjIlMjBsb2FkaW5nJTNEJTIybGF6eSUyMiUyMHJlZmVycmVycG9saWN5JTNEJTIybm8tcmVmZXJyZXItd2hlbi1kb3duZ3JhZGUlMjIlM0UlM0MlMkZpZnJhbWUlM0U=\u00a0\u00bb css_animation=\u00a0\u00bbfadeInUp\u00a0\u00bb][\/vc_column][\/vc_row]<\/p>\n","protected":false},"author":3,"featured_media":0,"parent":0,"menu_order":0,"comment_status":"closed","ping_status":"closed","template":"","meta":[],"yoast_head":"<!-- This site is optimized with the Yoast SEO plugin v20.0 - https:\/\/yoast.com\/wordpress\/plugins\/seo\/ -->\n<title>Contactez-nous - BIOPHARMA EGYPT<\/title>\n<meta name=\"robots\" content=\"index, follow, max-snippet:-1, max-image-preview:large, max-video-preview:-1\" \/>\n<link rel=\"canonical\" href=\"https:\/\/biophe.com\/fr\/contact-us\/\" \/>\n<meta property=\"og:locale\" content=\"fr_FR\" \/>\n<meta property=\"og:type\" content=\"article\" \/>\n<meta property=\"og:title\" content=\"Contactez-nous - BIOPHARMA EGYPT\" \/>\n<meta property=\"og:description\" content=\"[vc_row scrollreveal_type=\u00a0\u00bbslide_from_bottom\u00a0\u00bb scrollreveal_elements=\u00a0\u00bbitems\u00a0\u00bb el_class=\u00a0\u00bbswap-on-mobile\u00a0\u00bb][vc_column width=\u00a0\u00bb1\/2&Prime; offset=\u00a0\u00bbvc_col-lg-offset-0 vc_col-md-offset-0 vc_col-sm-offset-0 vc_col-xs-12 vc_hidden-xs\u00a0\u00bb][vc_column_text] Contactez-nous et nous vous r\u00e9pondrons d\u00e8s que possible. Nous avons h\u00e2te d&rsquo;avoir de tes nouvelles! [\/vc_column_text][\/vc_column][vc_column width=\u00a0\u00bb1\/2&Prime; offset=\u00a0\u00bbvc_hidden-xs\u00a0\u00bb][vc_raw_html]JTVCZm9ybWluYXRvcl9mb3JtJTIwaWQlM0QlMjI5NzQ5JTIyJTVE[\/vc_raw_html][\/vc_column][\/vc_row][vc_row scrollreveal_type=\u00a0\u00bbslide_from_bottom\u00a0\u00bb scrollreveal_elements=\u00a0\u00bbitems\u00a0\u00bb el_class=\u00a0\u00bbswap-on-mobile\u00a0\u00bb][vc_column offset=\u00a0\u00bbvc_col-lg-offset-0 vc_hidden-lg vc_col-md-offset-0 vc_hidden-md vc_col-sm-offset-0 vc_hidden-sm vc_col-xs-12&Prime;][vc_column_text] Contactez-nous et nous vous r\u00e9pondrons d\u00e8s que possible.\u00a0Nous avons h\u00e2te d&rsquo;avoir de tes nouvelles! [\/vc_column_text][vc_raw_html]JTVCZm9ybWluYXRvcl9mb3JtJTIwaWQlM0QlMjI5NzQ5JTIyJTVE[\/vc_raw_html][\/vc_column][\/vc_row][vc_row][vc_column][\/vc_column][\/vc_row][vc_row full_width=\u00a0\u00bbstretch_row_content_no_spaces\u00a0\u00bb css_animation=\u00a0\u00bbfadeInUp\u00a0\u00bb link=\u00a0\u00bb#E-8_JTNDaWZyYW1lJTIwc3JjJTNEJTIyaHR0cHMlM0ElMkYlMkZ3d3cuZ29vZ2xlLmNvbSUyRm1hcHMlMkZlbWJlZCUzRnBiJTNEJTIxMW0xNCUyMTFtOCUyMTFtMyUyMTFkMTM4MTUuMzQwNDE5ODIxMTQlMjEyZDMxLjIwOTU0MDklMjEzZDMwLjA0MTU4ODIlMjEzbTIlMjExaTEwMjQlMjEyaTc2OCUyMTRmMTMuMSUyMTNtMyUyMTFtMiUyMTFzMHgwJTI1M0EweDk5NDc3M2ZlY2YyOWQzMzYlMjEyc0JJTyUyNTIwUEhBUk1BJTI1MjBFR1lQVCUyNTIwcy5hLmUlMjE1ZTAlMjEzbTIlMjExc2VuJTIxMnNlZyUyMTR2MTY3MTU0NDI0NzgwNCUyMTVtMiUyMTFzZW4lMjEyc2VnJTIyJTIwd2lkdGglM0QlMjI2MDAlMjIlMjBoZWlnaHQlM0QlMjI0NTAlMjIlMjBzdHlsZSUzRCUyMmJvcmRlciUzQTAlM0IlMjIlMjBhbGxvd2Z1bGxzY3JlZW4lM0QlMjIlMjIlMjBsb2FkaW5nJTNEJTIybGF6eSUyMiUyMHJlZmVycmVycG9saWN5JTNEJTIybm8tcmVmZXJyZXItd2hlbi1kb3duZ3JhZGUlMjIlM0UlM0MlMkZpZnJhbWUlM0U=\u00a0\u00bb size=\u00a0\u00bbstandard\u00a0\u00bb title=\u00a0\u00bb\u00a0\u00bb][vc_column][vc_gmaps link=\u00a0\u00bb#E-8_JTNDaWZyYW1lJTIwc3JjJTNEJTIyaHR0cHMlM0ElMkYlMkZ3d3cuZ29vZ2xlLmNvbSUyRm1hcHMlMkZlbWJlZCUzRnBiJTNEJTIxMW0xNCUyMTFtOCUyMTFtMyUyMTFkMTM4MTUuMzQwNDE5ODIxMTQlMjEyZDMxLjIwOTU0MDklMjEzZDMwLjA0MTU4ODIlMjEzbTIlMjExaTEwMjQlMjEyaTc2OCUyMTRmMTMuMSUyMTNtMyUyMTFtMiUyMTFzMHgwJTI1M0EweDk5NDc3M2ZlY2YyOWQzMzYlMjEyc0JJTyUyNTIwUEhBUk1BJTI1MjBFR1lQVCUyNTIwcy5hLmUlMjE1ZTAlMjEzbTIlMjExc2VuJTIxMnNlZyUyMTR2MTY3MTU0NDI0NzgwNCUyMTVtMiUyMTFzZW4lMjEyc2VnJTIyJTIwd2lkdGglM0QlMjI2MDAlMjIlMjBoZWlnaHQlM0QlMjI0NTAlMjIlMjBzdHlsZSUzRCUyMmJvcmRlciUzQTAlM0IlMjIlMjBhbGxvd2Z1bGxzY3JlZW4lM0QlMjIlMjIlMjBsb2FkaW5nJTNEJTIybGF6eSUyMiUyMHJlZmVycmVycG9saWN5JTNEJTIybm8tcmVmZXJyZXItd2hlbi1kb3duZ3JhZGUlMjIlM0UlM0MlMkZpZnJhbWUlM0U=\u00a0\u00bb css_animation=\u00a0\u00bbfadeInUp\u00a0\u00bb][\/vc_column][\/vc_row]\" \/>\n<meta property=\"og:url\" content=\"https:\/\/biophe.com\/fr\/contact-us\/\" \/>\n<meta property=\"og:site_name\" content=\"BIOPHARMA EGYPT\" \/>\n<meta property=\"article:modified_time\" content=\"2023-05-06T20:44:49+00:00\" \/>\n<meta name=\"twitter:card\" content=\"summary_large_image\" \/>\n<meta name=\"twitter:label1\" content=\"Dur\u00e9e de lecture estim\u00e9e\" \/>\n\t<meta name=\"twitter:data1\" content=\"1 minute\" \/>\n<script type=\"application\/ld+json\" class=\"yoast-schema-graph\">{\"@context\":\"https:\/\/schema.org\",\"@graph\":[{\"@type\":\"WebPage\",\"@id\":\"https:\/\/biophe.com\/fr\/contact-us\/\",\"url\":\"https:\/\/biophe.com\/fr\/contact-us\/\",\"name\":\"Contactez-nous - BIOPHARMA EGYPT\",\"isPartOf\":{\"@id\":\"https:\/\/biophe.com\/fr\/#website\"},\"datePublished\":\"2023-02-15T23:21:25+00:00\",\"dateModified\":\"2023-05-06T20:44:49+00:00\",\"breadcrumb\":{\"@id\":\"https:\/\/biophe.com\/fr\/contact-us\/#breadcrumb\"},\"inLanguage\":\"fr-FR\",\"potentialAction\":[{\"@type\":\"ReadAction\",\"target\":[\"https:\/\/biophe.com\/fr\/contact-us\/\"]}]},{\"@type\":\"BreadcrumbList\",\"@id\":\"https:\/\/biophe.com\/fr\/contact-us\/#breadcrumb\",\"itemListElement\":[{\"@type\":\"ListItem\",\"position\":1,\"name\":\"Accueil\",\"item\":\"https:\/\/biophe.com\/fr\/\"},{\"@type\":\"ListItem\",\"position\":2,\"name\":\"Contactez-nous\"}]},{\"@type\":\"WebSite\",\"@id\":\"https:\/\/biophe.com\/fr\/#website\",\"url\":\"https:\/\/biophe.com\/fr\/\",\"name\":\"BIOPHARMA EGYPT\",\"description\":\"\",\"publisher\":{\"@id\":\"https:\/\/biophe.com\/fr\/#organization\"},\"potentialAction\":[{\"@type\":\"SearchAction\",\"target\":{\"@type\":\"EntryPoint\",\"urlTemplate\":\"https:\/\/biophe.com\/fr\/?s={search_term_string}\"},\"query-input\":\"required name=search_term_string\"}],\"inLanguage\":\"fr-FR\"},{\"@type\":\"Organization\",\"@id\":\"https:\/\/biophe.com\/fr\/#organization\",\"name\":\"BIOPHARMA EGYPT\",\"url\":\"https:\/\/biophe.com\/fr\/\",\"logo\":{\"@type\":\"ImageObject\",\"inLanguage\":\"fr-FR\",\"@id\":\"https:\/\/biophe.com\/fr\/#\/schema\/logo\/image\/\",\"url\":\"https:\/\/biophe.com\/wp-content\/uploads\/2017\/07\/cropped-33221538_1249950148473824_5904636054022914048_n.png\",\"contentUrl\":\"https:\/\/biophe.com\/wp-content\/uploads\/2017\/07\/cropped-33221538_1249950148473824_5904636054022914048_n.png\",\"width\":512,\"height\":512,\"caption\":\"BIOPHARMA EGYPT\"},\"image\":{\"@id\":\"https:\/\/biophe.com\/fr\/#\/schema\/logo\/image\/\"}}]}<\/script>\n<!-- \/ Yoast SEO plugin. -->","yoast_head_json":{"title":"Contactez-nous - BIOPHARMA EGYPT","robots":{"index":"index","follow":"follow","max-snippet":"max-snippet:-1","max-image-preview":"max-image-preview:large","max-video-preview":"max-video-preview:-1"},"canonical":"https:\/\/biophe.com\/fr\/contact-us\/","og_locale":"fr_FR","og_type":"article","og_title":"Contactez-nous - BIOPHARMA EGYPT","og_description":"[vc_row scrollreveal_type=\u00a0\u00bbslide_from_bottom\u00a0\u00bb scrollreveal_elements=\u00a0\u00bbitems\u00a0\u00bb el_class=\u00a0\u00bbswap-on-mobile\u00a0\u00bb][vc_column width=\u00a0\u00bb1\/2&Prime; offset=\u00a0\u00bbvc_col-lg-offset-0 vc_col-md-offset-0 vc_col-sm-offset-0 vc_col-xs-12 vc_hidden-xs\u00a0\u00bb][vc_column_text] Contactez-nous et nous vous r\u00e9pondrons d\u00e8s que possible. Nous avons h\u00e2te d&rsquo;avoir de tes nouvelles! [\/vc_column_text][\/vc_column][vc_column width=\u00a0\u00bb1\/2&Prime; offset=\u00a0\u00bbvc_hidden-xs\u00a0\u00bb][vc_raw_html]JTVCZm9ybWluYXRvcl9mb3JtJTIwaWQlM0QlMjI5NzQ5JTIyJTVE[\/vc_raw_html][\/vc_column][\/vc_row][vc_row scrollreveal_type=\u00a0\u00bbslide_from_bottom\u00a0\u00bb scrollreveal_elements=\u00a0\u00bbitems\u00a0\u00bb el_class=\u00a0\u00bbswap-on-mobile\u00a0\u00bb][vc_column offset=\u00a0\u00bbvc_col-lg-offset-0 vc_hidden-lg vc_col-md-offset-0 vc_hidden-md vc_col-sm-offset-0 vc_hidden-sm vc_col-xs-12&Prime;][vc_column_text] Contactez-nous et nous vous r\u00e9pondrons d\u00e8s que possible.\u00a0Nous avons h\u00e2te d&rsquo;avoir de tes nouvelles! [\/vc_column_text][vc_raw_html]JTVCZm9ybWluYXRvcl9mb3JtJTIwaWQlM0QlMjI5NzQ5JTIyJTVE[\/vc_raw_html][\/vc_column][\/vc_row][vc_row][vc_column][\/vc_column][\/vc_row][vc_row full_width=\u00a0\u00bbstretch_row_content_no_spaces\u00a0\u00bb css_animation=\u00a0\u00bbfadeInUp\u00a0\u00bb link=\u00a0\u00bb#E-8_JTNDaWZyYW1lJTIwc3JjJTNEJTIyaHR0cHMlM0ElMkYlMkZ3d3cuZ29vZ2xlLmNvbSUyRm1hcHMlMkZlbWJlZCUzRnBiJTNEJTIxMW0xNCUyMTFtOCUyMTFtMyUyMTFkMTM4MTUuMzQwNDE5ODIxMTQlMjEyZDMxLjIwOTU0MDklMjEzZDMwLjA0MTU4ODIlMjEzbTIlMjExaTEwMjQlMjEyaTc2OCUyMTRmMTMuMSUyMTNtMyUyMTFtMiUyMTFzMHgwJTI1M0EweDk5NDc3M2ZlY2YyOWQzMzYlMjEyc0JJTyUyNTIwUEhBUk1BJTI1MjBFR1lQVCUyNTIwcy5hLmUlMjE1ZTAlMjEzbTIlMjExc2VuJTIxMnNlZyUyMTR2MTY3MTU0NDI0NzgwNCUyMTVtMiUyMTFzZW4lMjEyc2VnJTIyJTIwd2lkdGglM0QlMjI2MDAlMjIlMjBoZWlnaHQlM0QlMjI0NTAlMjIlMjBzdHlsZSUzRCUyMmJvcmRlciUzQTAlM0IlMjIlMjBhbGxvd2Z1bGxzY3JlZW4lM0QlMjIlMjIlMjBsb2FkaW5nJTNEJTIybGF6eSUyMiUyMHJlZmVycmVycG9saWN5JTNEJTIybm8tcmVmZXJyZXItd2hlbi1kb3duZ3JhZGUlMjIlM0UlM0MlMkZpZnJhbWUlM0U=\u00a0\u00bb size=\u00a0\u00bbstandard\u00a0\u00bb title=\u00a0\u00bb\u00a0\u00bb][vc_column][vc_gmaps link=\u00a0\u00bb#E-8_JTNDaWZyYW1lJTIwc3JjJTNEJTIyaHR0cHMlM0ElMkYlMkZ3d3cuZ29vZ2xlLmNvbSUyRm1hcHMlMkZlbWJlZCUzRnBiJTNEJTIxMW0xNCUyMTFtOCUyMTFtMyUyMTFkMTM4MTUuMzQwNDE5ODIxMTQlMjEyZDMxLjIwOTU0MDklMjEzZDMwLjA0MTU4ODIlMjEzbTIlMjExaTEwMjQlMjEyaTc2OCUyMTRmMTMuMSUyMTNtMyUyMTFtMiUyMTFzMHgwJTI1M0EweDk5NDc3M2ZlY2YyOWQzMzYlMjEyc0JJTyUyNTIwUEhBUk1BJTI1MjBFR1lQVCUyNTIwcy5hLmUlMjE1ZTAlMjEzbTIlMjExc2VuJTIxMnNlZyUyMTR2MTY3MTU0NDI0NzgwNCUyMTVtMiUyMTFzZW4lMjEyc2VnJTIyJTIwd2lkdGglM0QlMjI2MDAlMjIlMjBoZWlnaHQlM0QlMjI0NTAlMjIlMjBzdHlsZSUzRCUyMmJvcmRlciUzQTAlM0IlMjIlMjBhbGxvd2Z1bGxzY3JlZW4lM0QlMjIlMjIlMjBsb2FkaW5nJTNEJTIybGF6eSUyMiUyMHJlZmVycmVycG9saWN5JTNEJTIybm8tcmVmZXJyZXItd2hlbi1kb3duZ3JhZGUlMjIlM0UlM0MlMkZpZnJhbWUlM0U=\u00a0\u00bb css_animation=\u00a0\u00bbfadeInUp\u00a0\u00bb][\/vc_column][\/vc_row]","og_url":"https:\/\/biophe.com\/fr\/contact-us\/","og_site_name":"BIOPHARMA EGYPT","article_modified_time":"2023-05-06T20:44:49+00:00","twitter_card":"summary_large_image","twitter_misc":{"Dur\u00e9e de lecture estim\u00e9e":"1 minute"},"schema":{"@context":"https:\/\/schema.org","@graph":[{"@type":"WebPage","@id":"https:\/\/biophe.com\/fr\/contact-us\/","url":"https:\/\/biophe.com\/fr\/contact-us\/","name":"Contactez-nous - BIOPHARMA EGYPT","isPartOf":{"@id":"https:\/\/biophe.com\/fr\/#website"},"datePublished":"2023-02-15T23:21:25+00:00","dateModified":"2023-05-06T20:44:49+00:00","breadcrumb":{"@id":"https:\/\/biophe.com\/fr\/contact-us\/#breadcrumb"},"inLanguage":"fr-FR","potentialAction":[{"@type":"ReadAction","target":["https:\/\/biophe.com\/fr\/contact-us\/"]}]},{"@type":"BreadcrumbList","@id":"https:\/\/biophe.com\/fr\/contact-us\/#breadcrumb","itemListElement":[{"@type":"ListItem","position":1,"name":"Accueil","item":"https:\/\/biophe.com\/fr\/"},{"@type":"ListItem","position":2,"name":"Contactez-nous"}]},{"@type":"WebSite","@id":"https:\/\/biophe.com\/fr\/#website","url":"https:\/\/biophe.com\/fr\/","name":"BIOPHARMA EGYPT","description":"","publisher":{"@id":"https:\/\/biophe.com\/fr\/#organization"},"potentialAction":[{"@type":"SearchAction","target":{"@type":"EntryPoint","urlTemplate":"https:\/\/biophe.com\/fr\/?s={search_term_string}"},"query-input":"required name=search_term_string"}],"inLanguage":"fr-FR"},{"@type":"Organization","@id":"https:\/\/biophe.com\/fr\/#organization","name":"BIOPHARMA EGYPT","url":"https:\/\/biophe.com\/fr\/","logo":{"@type":"ImageObject","inLanguage":"fr-FR","@id":"https:\/\/biophe.com\/fr\/#\/schema\/logo\/image\/","url":"https:\/\/biophe.com\/wp-content\/uploads\/2017\/07\/cropped-33221538_1249950148473824_5904636054022914048_n.png","contentUrl":"https:\/\/biophe.com\/wp-content\/uploads\/2017\/07\/cropped-33221538_1249950148473824_5904636054022914048_n.png","width":512,"height":512,"caption":"BIOPHARMA EGYPT"},"image":{"@id":"https:\/\/biophe.com\/fr\/#\/schema\/logo\/image\/"}}]}},"_links":{"self":[{"href":"https:\/\/biophe.com\/fr\/wp-json\/wp\/v2\/pages\/9659"}],"collection":[{"href":"https:\/\/biophe.com\/fr\/wp-json\/wp\/v2\/pages"}],"about":[{"href":"https:\/\/biophe.com\/fr\/wp-json\/wp\/v2\/types\/page"}],"author":[{"embeddable":true,"href":"https:\/\/biophe.com\/fr\/wp-json\/wp\/v2\/users\/3"}],"replies":[{"embeddable":true,"href":"https:\/\/biophe.com\/fr\/wp-json\/wp\/v2\/comments?post=9659"}],"version-history":[{"count":5,"href":"https:\/\/biophe.com\/fr\/wp-json\/wp\/v2\/pages\/9659\/revisions"}],"predecessor-version":[{"id":9982,"href":"https:\/\/biophe.com\/fr\/wp-json\/wp\/v2\/pages\/9659\/revisions\/9982"}],"wp:attachment":[{"href":"https:\/\/biophe.com\/fr\/wp-json\/wp\/v2\/media?parent=9659"}],"curies":[{"name":"wp","href":"https:\/\/api.w.org\/{rel}","templated":true}]}}