{"id":9653,"date":"2022-10-20T12:54:06","date_gmt":"2022-10-20T12:54:06","guid":{"rendered":"https:\/\/biophe.com\/our-partners\/"},"modified":"2026-01-06T11:04:29","modified_gmt":"2026-01-06T11:04:29","slug":"our-partners","status":"publish","type":"page","link":"https:\/\/biophe.com\/fr\/our-partners\/","title":{"rendered":"Nos partenaires"},"content":{"rendered":"<section class=\"wpb-content-wrapper\"><p>[vc_row scrollreveal_type=\u00a0\u00bbslide_from_bottom\u00a0\u00bb scrollreveal_elements=\u00a0\u00bbitems\u00a0\u00bb el_class=\u00a0\u00bbswap-on-mobile custom-grid\u00a0\u00bb][vc_column width=\u00a0\u00bb1\/2&Prime; offset=\u00a0\u00bbvc_col-lg-offset-0 vc_col-md-offset-0 vc_col-sm-offset-0 vc_col-xs-12&Prime;][vc_column_text css_animation=\u00a0\u00bbfadeIn\u00a0\u00bb]<\/p>\n<h3><span style=\"color: #ed1e24;\">Devenez une alliance de<\/span><br \/>\n<span style=\"color: #ed1e24;\">distribution internationale<\/span><\/h3>\n<p><span style=\"color: #000000;\">Nous \u00e9largissons notre pr\u00e9sence sur les march\u00e9s \u00e9mergents du Moyen-Orient, de l&rsquo;Afrique et de l&rsquo;Asie, o\u00f9 la demande d&rsquo;acc\u00e8s \u00e0 des m\u00e9dicaments et \u00e0 des soins de sant\u00e9 de haute qualit\u00e9 est en forte croissance.<\/span><\/p>\n<p><span style=\"color: #000000;\">Veuillez remplir vos informations ici et nous vous r\u00e9pondrons d\u00e8s que possible.<\/span><\/p>\n<p><span style=\"color: #000000;\">Ou envoyez-nous un email:<\/span> <a href=\"mailto:export@biophe.com\">export@biophe.com<\/a><\/p>\n<div class=\"forminator-ui forminator-custom-form forminator-custom-form-9740 forminator-design--flat  forminator_ajax\" data-forminator-render=\"0\" data-form=\"forminator-module-9740\" data-uid=\"6a021e1dda806\"><br\/><\/div><form\n\t\t\t\tid=\"forminator-module-9740\"\n\t\t\t\tclass=\"forminator-ui forminator-custom-form forminator-custom-form-9740 forminator-design--flat  forminator_ajax\"\n\t\t\t\tmethod=\"post\"\n\t\t\t\tdata-forminator-render=\"0\"\n\t\t\t\tdata-form-id=\"9740\"\n\t\t\t\t\n\t\t\t\tdata-design=\"flat\"\n\t\t\t\t\n\t\t\t\t\n\t\t\t\t\n\t\t\t\tdata-grid=\"open\"\n\t\t\t\t\n\t\t\t\t\n\t\t\t\tstyle=\"display: none;\"\n\t\t\t\t\n\t\t\t\tdata-uid=\"6a021e1dda806\"\n\t\t\t><div class=\"forminator-response-message forminator-error\" aria-hidden=\"true\"><\/div><div role=\"tablist\" class=\"forminator-pagination-steps\" aria-label=\"Pagination\"><\/div><div tabindex=\"0\" role=\"tabpanel\" id=\"forminator-custom-form-9740--page-0\" class=\"forminator-pagination forminator-pagination-start\" aria-labelledby=\"forminator-custom-form-9740--page-0-label\" data-step=\"0\" data-label=\"Informations de contact\" data-name=\"page-break-1\"><div class=\"forminator-pagination--content\"><div class=\"forminator-row\"><div id=\"text-1\" class=\"forminator-col forminator-col-6 \"><div class=\"forminator-field\"><label for=\"forminator-field-text-1_6a021e1dda806\" class=\"forminator-label\">Nom de l&#039;entreprise<\/label><input type=\"text\" name=\"text-1\" value=\"\" placeholder=\"\" id=\"forminator-field-text-1_6a021e1dda806\" class=\"forminator-input forminator-name--field\" data-required=\"\" \/><\/div><\/div><div id=\"text-2\" class=\"forminator-col forminator-col-6 \"><div class=\"forminator-field\"><label for=\"forminator-field-text-2_6a021e1dda806\" class=\"forminator-label\">Adresse de l&#039;entreprise<\/label><input type=\"text\" name=\"text-2\" value=\"\" placeholder=\"\" id=\"forminator-field-text-2_6a021e1dda806\" class=\"forminator-input forminator-name--field\" data-required=\"\" \/><\/div><\/div><\/div><div class=\"forminator-row\"><div id=\"text-3\" class=\"forminator-col forminator-col-6 \"><div class=\"forminator-field\"><label for=\"forminator-field-text-3_6a021e1dda806\" class=\"forminator-label\">Num\u00e9ro de t\u00e9l\u00e9phone<\/label><input type=\"text\" name=\"text-3\" value=\"\" placeholder=\"\" id=\"forminator-field-text-3_6a021e1dda806\" class=\"forminator-input forminator-name--field\" data-required=\"\" \/><\/div><\/div><div id=\"text-4\" class=\"forminator-col forminator-col-6 \"><div class=\"forminator-field\"><label for=\"forminator-field-text-4_6a021e1dda806\" class=\"forminator-label\">Pays<\/label><input type=\"text\" name=\"text-4\" value=\"\" placeholder=\"\" id=\"forminator-field-text-4_6a021e1dda806\" class=\"forminator-input forminator-name--field\" data-required=\"\" \/><\/div><\/div><\/div><div class=\"forminator-row\"><div id=\"url-1\" class=\"forminator-col forminator-col-12 \"><div class=\"forminator-field\"><label for=\"forminator-field-url-1_6a021e1dda806\" class=\"forminator-label\">Site web de l&#039;entreprise<\/label><input type=\"url\" name=\"url-1\" value=\"\" placeholder=\"\" id=\"forminator-field-url-1_6a021e1dda806\" class=\"forminator-input forminator-website--field\" data-required=\"\" aria-required=\"false\" \/><\/div><\/div><\/div><div class=\"forminator-row\"><div id=\"select-1\" class=\"forminator-col forminator-col-12 \"><div class=\"forminator-field\"><label for=\"forminator-form-9740__field--select-1_6a021e1dda806-label\" class=\"forminator-label\">Type d&#039;activit\u00e9<\/label><select id=\"forminator-form-9740__field--select-1_6a021e1dda806\" class=\"forminator-select--field forminator-select2\" data-required=\"\" name=\"select-1\" data-default-value=\"\" data-placeholder=\"Type d&#039;activit\u00e9\" data-search=\"false\" aria-describedby=\"forminator-form-9740__field--select-1_6a021e1dda806-description\"><option value=\"\">Type d&#039;activit\u00e9<\/option><option value=\"one\"  data-calculation=\"0\">Fabricant Distributeur<\/option><option value=\"two\"  data-calculation=\"0\">Courtier \/ Soci\u00e9t\u00e9 de n\u00e9goce<\/option><option value=\"Broker---Trading-Company\"  data-calculation=\"0\">Soci\u00e9t\u00e9 de marketing<\/option><option value=\"Other\"  data-calculation=\"0\">Autre<\/option><\/select><\/div><\/div><\/div><\/div><\/div><div tabindex=\"0\" role=\"tabpanel\" id=\"forminator-custom-form-9740--page-1\" class=\"forminator-pagination\" aria-labelledby=\"forminator-custom-form-9740--page-1-label\" aria-hidden=\"true\" data-step=\"1\" data-label=\"Informations sur l'entreprise\" data-name=\"\" hidden><div class=\"forminator-pagination--content\"><div class=\"forminator-row\"><div id=\"name-1\" class=\"forminator-col forminator-col-12 \"><div class=\"forminator-field\"><label for=\"forminator-field-name-1_6a021e1dda806\" class=\"forminator-label\">Nom <span class=\"forminator-required\">*<\/span><\/label><input type=\"text\" name=\"name-1\" value=\"\" placeholder=\"E.g. John Doe\" id=\"forminator-field-name-1_6a021e1dda806\" class=\"forminator-input forminator-name--field\" aria-required=\"true\" \/><\/div><\/div><\/div><div class=\"forminator-row\"><div id=\"text-5\" class=\"forminator-col forminator-col-12 \"><div class=\"forminator-field\"><label for=\"forminator-field-text-5_6a021e1dda806\" class=\"forminator-label\">Titre du poste<\/label><input type=\"text\" name=\"text-5\" value=\"\" placeholder=\"\" id=\"forminator-field-text-5_6a021e1dda806\" class=\"forminator-input forminator-name--field\" data-required=\"\" \/><\/div><\/div><\/div><div class=\"forminator-row\"><div id=\"phone-1\" class=\"forminator-col forminator-col-6 \"><div class=\"forminator-field\"><label for=\"forminator-field-phone-1_6a021e1dda806\" class=\"forminator-label\">Num\u00e9ro de portable <span class=\"forminator-required\">*<\/span><\/label><input type=\"text\" name=\"phone-1\" value=\"\" placeholder=\"\" id=\"forminator-field-phone-1_6a021e1dda806\" class=\"forminator-input forminator-field--phone\" data-required=\"1\" aria-required=\"true\" autocomplete=\"off\" \/><\/div><\/div><div id=\"email-1\" class=\"forminator-col forminator-col-6 \"><div class=\"forminator-field\"><label for=\"forminator-field-email-1_6a021e1dda806\" class=\"forminator-label\">Adresse e-mail <span class=\"forminator-required\">*<\/span><\/label><input type=\"email\" name=\"email-1\" value=\"\" placeholder=\"\" id=\"forminator-field-email-1_6a021e1dda806\" class=\"forminator-input forminator-email--field\" data-required=\"1\" aria-required=\"true\" \/><\/div><\/div><\/div><div class=\"forminator-row\"><div id=\"textarea-1\" class=\"forminator-col forminator-col-12 \"><div class=\"forminator-field\"><label for=\"forminator-field-textarea-1_6a021e1dda806\" class=\"forminator-label\">Votre message<\/label><textarea name=\"textarea-1\" placeholder=\"\" id=\"forminator-field-textarea-1_6a021e1dda806\" class=\"forminator-textarea\" rows=\"6\" style=\"min-height:140px;\" ><\/textarea><\/div><\/div><\/div><\/div><button class=\"forminator-button forminator-pagination-submit\" style=\"display: none;\" disabled>Send Message<\/button><\/div><input type=\"hidden\" name=\"referer_url\" value=\"\" \/><input type=\"hidden\" id=\"forminator_nonce\" name=\"forminator_nonce\" value=\"42a7deca42\" \/><input type=\"hidden\" name=\"_wp_http_referer\" value=\"\/fr\/wp-json\/wp\/v2\/pages\/9653\" \/><input type=\"hidden\" name=\"form_id\" value=\"9740\"><input type=\"hidden\" name=\"page_id\" value=\"9653\"><input type=\"hidden\" name=\"form_type\" value=\"default\"><input type=\"hidden\" name=\"current_url\" value=\"https:\/\/biophe.com\/fr\/our-partners\/\"><input type=\"hidden\" name=\"render_id\" value=\"0\"><input type=\"hidden\" name=\"action\" value=\"forminator_submit_form_custom-forms\"><\/form>[\/vc_column_text][\/vc_column][vc_column width=\u00a0\u00bb1\/2&Prime;][vc_single_image image=\u00a0\u00bb7832&Prime; img_size=\u00a0\u00bblarge\u00a0\u00bb alignment=\u00a0\u00bbcenter\u00a0\u00bb css=\u00a0\u00bb.vc_custom_1675338789714{margin-top: 20px !important;}\u00a0\u00bb el_class=\u00a0\u00bbswap-on-mobile\u00a0\u00bb][\/vc_column][\/vc_row]<\/p>\n<\/section>","protected":false},"excerpt":{"rendered":"<p>[vc_row scrollreveal_type=\u00a0\u00bbslide_from_bottom\u00a0\u00bb scrollreveal_elements=\u00a0\u00bbitems\u00a0\u00bb el_class=\u00a0\u00bbswap-on-mobile custom-grid\u00a0\u00bb][vc_column width=\u00a0\u00bb1\/2&Prime; offset=\u00a0\u00bbvc_col-lg-offset-0 vc_col-md-offset-0 vc_col-sm-offset-0 vc_col-xs-12&Prime;][vc_column_text css_animation=\u00a0\u00bbfadeIn\u00a0\u00bb] Devenez une alliance de distribution internationale Nous \u00e9largissons notre pr\u00e9sence sur les march\u00e9s \u00e9mergents du Moyen-Orient, de l&rsquo;Afrique et de l&rsquo;Asie, o\u00f9 la demande d&rsquo;acc\u00e8s \u00e0 des m\u00e9dicaments et \u00e0 des soins de sant\u00e9 de haute qualit\u00e9 est en forte croissance. Veuillez remplir vos informations ici et nous vous r\u00e9pondrons d\u00e8s que possible. Ou envoyez-nous un email: export@biophe.com [\/vc_column_text][\/vc_column][vc_column width=\u00a0\u00bb1\/2&Prime;][vc_single_image image=\u00a0\u00bb7832&Prime; img_size=\u00a0\u00bblarge\u00a0\u00bb alignment=\u00a0\u00bbcenter\u00a0\u00bb css=\u00a0\u00bb.vc_custom_1675338789714{margin-top: 20px !important;}\u00a0\u00bb el_class=\u00a0\u00bbswap-on-mobile\u00a0\u00bb][\/vc_column][\/vc_row]<\/p>\n","protected":false},"author":1,"featured_media":0,"parent":0,"menu_order":0,"comment_status":"closed","ping_status":"closed","template":"","meta":[],"yoast_head":"<!-- This site is optimized with the Yoast SEO plugin v20.0 - https:\/\/yoast.com\/wordpress\/plugins\/seo\/ -->\n<title>Nos partenaires - BIOPHARMA EGYPT<\/title>\n<meta name=\"robots\" content=\"index, follow, max-snippet:-1, max-image-preview:large, max-video-preview:-1\" \/>\n<link rel=\"canonical\" href=\"https:\/\/biophe.com\/fr\/our-partners\/\" \/>\n<meta property=\"og:locale\" content=\"fr_FR\" \/>\n<meta property=\"og:type\" content=\"article\" \/>\n<meta property=\"og:title\" content=\"Nos partenaires - BIOPHARMA EGYPT\" \/>\n<meta property=\"og:description\" content=\"[vc_row scrollreveal_type=\u00a0\u00bbslide_from_bottom\u00a0\u00bb scrollreveal_elements=\u00a0\u00bbitems\u00a0\u00bb el_class=\u00a0\u00bbswap-on-mobile custom-grid\u00a0\u00bb][vc_column width=\u00a0\u00bb1\/2&Prime; offset=\u00a0\u00bbvc_col-lg-offset-0 vc_col-md-offset-0 vc_col-sm-offset-0 vc_col-xs-12&Prime;][vc_column_text css_animation=\u00a0\u00bbfadeIn\u00a0\u00bb] Devenez une alliance de distribution internationale Nous \u00e9largissons notre pr\u00e9sence sur les march\u00e9s \u00e9mergents du Moyen-Orient, de l&rsquo;Afrique et de l&rsquo;Asie, o\u00f9 la demande d&rsquo;acc\u00e8s \u00e0 des m\u00e9dicaments et \u00e0 des soins de sant\u00e9 de haute qualit\u00e9 est en forte croissance. Veuillez remplir vos informations ici et nous vous r\u00e9pondrons d\u00e8s que possible. Ou envoyez-nous un email: export@biophe.com [\/vc_column_text][\/vc_column][vc_column width=\u00a0\u00bb1\/2&Prime;][vc_single_image image=\u00a0\u00bb7832&Prime; img_size=\u00a0\u00bblarge\u00a0\u00bb alignment=\u00a0\u00bbcenter\u00a0\u00bb css=\u00a0\u00bb.vc_custom_1675338789714{margin-top: 20px !important;}\u00a0\u00bb el_class=\u00a0\u00bbswap-on-mobile\u00a0\u00bb][\/vc_column][\/vc_row]\" \/>\n<meta property=\"og:url\" content=\"https:\/\/biophe.com\/fr\/our-partners\/\" \/>\n<meta property=\"og:site_name\" content=\"BIOPHARMA EGYPT\" \/>\n<meta property=\"article:modified_time\" content=\"2026-01-06T11:04:29+00:00\" \/>\n<meta name=\"twitter:card\" content=\"summary_large_image\" \/>\n<meta name=\"twitter:label1\" content=\"Dur\u00e9e de lecture estim\u00e9e\" \/>\n\t<meta name=\"twitter:data1\" content=\"1 minute\" \/>\n<script type=\"application\/ld+json\" class=\"yoast-schema-graph\">{\"@context\":\"https:\/\/schema.org\",\"@graph\":[{\"@type\":\"WebPage\",\"@id\":\"https:\/\/biophe.com\/fr\/our-partners\/\",\"url\":\"https:\/\/biophe.com\/fr\/our-partners\/\",\"name\":\"Nos partenaires - BIOPHARMA EGYPT\",\"isPartOf\":{\"@id\":\"https:\/\/biophe.com\/fr\/#website\"},\"datePublished\":\"2022-10-20T12:54:06+00:00\",\"dateModified\":\"2026-01-06T11:04:29+00:00\",\"breadcrumb\":{\"@id\":\"https:\/\/biophe.com\/fr\/our-partners\/#breadcrumb\"},\"inLanguage\":\"fr-FR\",\"potentialAction\":[{\"@type\":\"ReadAction\",\"target\":[\"https:\/\/biophe.com\/fr\/our-partners\/\"]}]},{\"@type\":\"BreadcrumbList\",\"@id\":\"https:\/\/biophe.com\/fr\/our-partners\/#breadcrumb\",\"itemListElement\":[{\"@type\":\"ListItem\",\"position\":1,\"name\":\"Accueil\",\"item\":\"https:\/\/biophe.com\/fr\/\"},{\"@type\":\"ListItem\",\"position\":2,\"name\":\"Nos partenaires\"}]},{\"@type\":\"WebSite\",\"@id\":\"https:\/\/biophe.com\/fr\/#website\",\"url\":\"https:\/\/biophe.com\/fr\/\",\"name\":\"BIOPHARMA EGYPT\",\"description\":\"\",\"publisher\":{\"@id\":\"https:\/\/biophe.com\/fr\/#organization\"},\"potentialAction\":[{\"@type\":\"SearchAction\",\"target\":{\"@type\":\"EntryPoint\",\"urlTemplate\":\"https:\/\/biophe.com\/fr\/?s={search_term_string}\"},\"query-input\":\"required name=search_term_string\"}],\"inLanguage\":\"fr-FR\"},{\"@type\":\"Organization\",\"@id\":\"https:\/\/biophe.com\/fr\/#organization\",\"name\":\"BIOPHARMA EGYPT\",\"url\":\"https:\/\/biophe.com\/fr\/\",\"logo\":{\"@type\":\"ImageObject\",\"inLanguage\":\"fr-FR\",\"@id\":\"https:\/\/biophe.com\/fr\/#\/schema\/logo\/image\/\",\"url\":\"https:\/\/biophe.com\/wp-content\/uploads\/2017\/07\/cropped-33221538_1249950148473824_5904636054022914048_n.png\",\"contentUrl\":\"https:\/\/biophe.com\/wp-content\/uploads\/2017\/07\/cropped-33221538_1249950148473824_5904636054022914048_n.png\",\"width\":512,\"height\":512,\"caption\":\"BIOPHARMA EGYPT\"},\"image\":{\"@id\":\"https:\/\/biophe.com\/fr\/#\/schema\/logo\/image\/\"}}]}<\/script>\n<!-- \/ Yoast SEO plugin. -->","yoast_head_json":{"title":"Nos partenaires - BIOPHARMA EGYPT","robots":{"index":"index","follow":"follow","max-snippet":"max-snippet:-1","max-image-preview":"max-image-preview:large","max-video-preview":"max-video-preview:-1"},"canonical":"https:\/\/biophe.com\/fr\/our-partners\/","og_locale":"fr_FR","og_type":"article","og_title":"Nos partenaires - BIOPHARMA EGYPT","og_description":"[vc_row scrollreveal_type=\u00a0\u00bbslide_from_bottom\u00a0\u00bb scrollreveal_elements=\u00a0\u00bbitems\u00a0\u00bb el_class=\u00a0\u00bbswap-on-mobile custom-grid\u00a0\u00bb][vc_column width=\u00a0\u00bb1\/2&Prime; offset=\u00a0\u00bbvc_col-lg-offset-0 vc_col-md-offset-0 vc_col-sm-offset-0 vc_col-xs-12&Prime;][vc_column_text css_animation=\u00a0\u00bbfadeIn\u00a0\u00bb] Devenez une alliance de distribution internationale Nous \u00e9largissons notre pr\u00e9sence sur les march\u00e9s \u00e9mergents du Moyen-Orient, de l&rsquo;Afrique et de l&rsquo;Asie, o\u00f9 la demande d&rsquo;acc\u00e8s \u00e0 des m\u00e9dicaments et \u00e0 des soins de sant\u00e9 de haute qualit\u00e9 est en forte croissance. Veuillez remplir vos informations ici et nous vous r\u00e9pondrons d\u00e8s que possible. Ou envoyez-nous un email: export@biophe.com [\/vc_column_text][\/vc_column][vc_column width=\u00a0\u00bb1\/2&Prime;][vc_single_image image=\u00a0\u00bb7832&Prime; img_size=\u00a0\u00bblarge\u00a0\u00bb alignment=\u00a0\u00bbcenter\u00a0\u00bb css=\u00a0\u00bb.vc_custom_1675338789714{margin-top: 20px !important;}\u00a0\u00bb el_class=\u00a0\u00bbswap-on-mobile\u00a0\u00bb][\/vc_column][\/vc_row]","og_url":"https:\/\/biophe.com\/fr\/our-partners\/","og_site_name":"BIOPHARMA EGYPT","article_modified_time":"2026-01-06T11:04:29+00:00","twitter_card":"summary_large_image","twitter_misc":{"Dur\u00e9e de lecture estim\u00e9e":"1 minute"},"schema":{"@context":"https:\/\/schema.org","@graph":[{"@type":"WebPage","@id":"https:\/\/biophe.com\/fr\/our-partners\/","url":"https:\/\/biophe.com\/fr\/our-partners\/","name":"Nos partenaires - BIOPHARMA EGYPT","isPartOf":{"@id":"https:\/\/biophe.com\/fr\/#website"},"datePublished":"2022-10-20T12:54:06+00:00","dateModified":"2026-01-06T11:04:29+00:00","breadcrumb":{"@id":"https:\/\/biophe.com\/fr\/our-partners\/#breadcrumb"},"inLanguage":"fr-FR","potentialAction":[{"@type":"ReadAction","target":["https:\/\/biophe.com\/fr\/our-partners\/"]}]},{"@type":"BreadcrumbList","@id":"https:\/\/biophe.com\/fr\/our-partners\/#breadcrumb","itemListElement":[{"@type":"ListItem","position":1,"name":"Accueil","item":"https:\/\/biophe.com\/fr\/"},{"@type":"ListItem","position":2,"name":"Nos partenaires"}]},{"@type":"WebSite","@id":"https:\/\/biophe.com\/fr\/#website","url":"https:\/\/biophe.com\/fr\/","name":"BIOPHARMA EGYPT","description":"","publisher":{"@id":"https:\/\/biophe.com\/fr\/#organization"},"potentialAction":[{"@type":"SearchAction","target":{"@type":"EntryPoint","urlTemplate":"https:\/\/biophe.com\/fr\/?s={search_term_string}"},"query-input":"required name=search_term_string"}],"inLanguage":"fr-FR"},{"@type":"Organization","@id":"https:\/\/biophe.com\/fr\/#organization","name":"BIOPHARMA EGYPT","url":"https:\/\/biophe.com\/fr\/","logo":{"@type":"ImageObject","inLanguage":"fr-FR","@id":"https:\/\/biophe.com\/fr\/#\/schema\/logo\/image\/","url":"https:\/\/biophe.com\/wp-content\/uploads\/2017\/07\/cropped-33221538_1249950148473824_5904636054022914048_n.png","contentUrl":"https:\/\/biophe.com\/wp-content\/uploads\/2017\/07\/cropped-33221538_1249950148473824_5904636054022914048_n.png","width":512,"height":512,"caption":"BIOPHARMA EGYPT"},"image":{"@id":"https:\/\/biophe.com\/fr\/#\/schema\/logo\/image\/"}}]}},"_links":{"self":[{"href":"https:\/\/biophe.com\/fr\/wp-json\/wp\/v2\/pages\/9653"}],"collection":[{"href":"https:\/\/biophe.com\/fr\/wp-json\/wp\/v2\/pages"}],"about":[{"href":"https:\/\/biophe.com\/fr\/wp-json\/wp\/v2\/types\/page"}],"author":[{"embeddable":true,"href":"https:\/\/biophe.com\/fr\/wp-json\/wp\/v2\/users\/1"}],"replies":[{"embeddable":true,"href":"https:\/\/biophe.com\/fr\/wp-json\/wp\/v2\/comments?post=9653"}],"version-history":[{"count":5,"href":"https:\/\/biophe.com\/fr\/wp-json\/wp\/v2\/pages\/9653\/revisions"}],"predecessor-version":[{"id":11504,"href":"https:\/\/biophe.com\/fr\/wp-json\/wp\/v2\/pages\/9653\/revisions\/11504"}],"wp:attachment":[{"href":"https:\/\/biophe.com\/fr\/wp-json\/wp\/v2\/media?parent=9653"}],"curies":[{"name":"wp","href":"https:\/\/api.w.org\/{rel}","templated":true}]}}