{"id":9651,"date":"2022-10-20T12:54:06","date_gmt":"2022-10-20T12:54:06","guid":{"rendered":"https:\/\/biophe.com\/our-community\/"},"modified":"2026-01-06T11:03:36","modified_gmt":"2026-01-06T11:03:36","slug":"our-community","status":"publish","type":"page","link":"https:\/\/biophe.com\/fr\/our-community\/","title":{"rendered":"Notre communaut\u00e9"},"content":{"rendered":"<section class=\"wpb-content-wrapper\"><p>[vc_row el_class=\u00a0\u00bbcustom-grid\u00a0\u00bb][vc_column width=\u00a0\u00bb1\/2&Prime;][vc_single_image image=\u00a0\u00bb7432&Prime; img_size=\u00a0\u00bbFull\u00a0\u00bb el_class=\u00a0\u00bbswap-on-mobile\u00a0\u00bb][\/vc_column][vc_column width=\u00a0\u00bb1\/2&Prime;][vc_column_text]<\/p>\n<h3><span style=\"color: #ed1e24;\">Notre mission<\/span><\/h3>\n<h6><span style=\"color: #000000;\"><strong>Aider les gens \u00e0 vivre des vies plus saines et plus heureuses.<\/strong><\/span><\/h6>\n<p><span style=\"color: #000000;\">Aider les gens \u00e0 vivre des vies plus saines et plus heureuses. Aider \u00e0 am\u00e9liorer la vie gr\u00e2ce \u00e0 la puissance de la nutrition. Depuis plus de 20 ans, nous nous engageons \u00e0 d\u00e9velopper des produits innovants pour aider les gens \u00e0 atteindre leur plein potentiel \u00e0 chaque \u00e9tape de leur vie.<\/span><\/p>\n<h3><span style=\"color: #ed1e24;\">Notre Vision<\/span><\/h3>\n<h6><span style=\"color: #000000;\"><strong>\u00catre un leader de confiance dans la transformation de la pratique des soins de sant\u00e9. <\/strong><\/span><\/h6>\n<p><span style=\"color: #000000;\">leader sur le march\u00e9 de la nutrition, o\u00f9 nous nourrissons ceux qui ont besoin de soins suppl\u00e9mentaires, comblons les lacunes nutritionnelles et proposons des produits innovants pour un avenir plus sain.<\/span>[\/vc_column_text][\/vc_column][\/vc_row][vc_row el_class=\u00a0\u00bbswap-on-mobile\u00a0\u00bb][vc_column width=\u00a0\u00bb1\/2&Prime;][vc_separator color=\u00a0\u00bbwhite\u00a0\u00bb border_width=\u00a0\u00bb8&Prime;][vc_column_text]<\/p>\n<h3><span style=\"color: #ed1e24;\">Nos valeurs<\/span><\/h3>\n<p><span style=\"color: #000000;\">Chez BIOPHARMA EGYPT S.A.E, nous avons introduit des valeurs qui d\u00e9crivent les comportements professionnels que nous attendons de nos employ\u00e9s. Ces valeurs font partie int\u00e9grante du cadre que nous utilisons pour recruter des personnes, les former, \u00e9valuer et r\u00e9compenser leur performance.<\/span><\/p>\n<p><span style=\"color: #000000;\"><strong><span style=\"color: #ed1e24;\">Innovation<\/span><br \/>\n<\/strong>Nous encourageons les gens \u00e0 exp\u00e9rimenter et \u00e0 prendre des risques intelligents. Notre objectif est de favoriser la pens\u00e9e cr\u00e9ative qui conduit \u00e0 des solutions pratiques aux d\u00e9fis de la sant\u00e9 et des affaires.<\/span><\/p>\n<p><span style=\"color: #000000;\"><strong><span style=\"color: #ed1e24;\">Qualit\u00e9<\/span><br \/>\n<\/strong>Notre accent sur l&rsquo;excellence de la qualit\u00e9 comprend l&rsquo;am\u00e9lioration continue de nos normes, de notre technologie et de la formation de notre personnel.<\/span><\/p>\n<p><span style=\"color: #000000;\"><strong><span style=\"color: #ed1e24;\">Collaboration<\/span><br \/>\n<\/strong>Nous favorisons le travail d&rsquo;\u00e9quipe entre nos employ\u00e9s pour fournir rapidement et efficacement de nouveaux produits innovants aux patients et aux prestataires de soins de sant\u00e9. Cela capitalise sur la diversit\u00e9 et la cr\u00e9ativit\u00e9 de notre personnel mondial.<\/span><\/p>\n<p><span style=\"color: #000000;\"><strong><span style=\"color: #ed1e24;\">Performance<\/span><br \/>\n<\/strong>Nos employ\u00e9s sont connus pour leur concentration sur les r\u00e9sultats. Nous visons \u00e0 renforcer cette concentration sur la r\u00e9alisation personnelle et collective, tout en maintenant des normes \u00e9thiques \u00e9lev\u00e9es.<\/span><\/p>\n<p><span style=\"color: #000000;\"><strong><span style=\"color: #ed1e24;\">Courage<\/span><br \/>\n<\/strong>Nous voulons que nos associ\u00e9s parlent, remettent en question la pens\u00e9e conventionnelle et d\u00e9fendent leurs id\u00e9es. Nous voulons \u00e9galement qu&rsquo;ils aient le courage de faire ce qui est juste face \u00e0 la r\u00e9sistance ou aux dilemmes moraux.<\/span><\/p>\n<p><span style=\"color: #000000;\"><strong><span style=\"color: #ed1e24;\">Int\u00e9grit\u00e9<\/span><br \/>\n<\/strong>Notre Code de conduite fixe des normes \u00e9thiques \u00e9lev\u00e9es et une formation exhaustive assure que nos associ\u00e9s savent comment appliquer ces normes dans leur travail.<\/span>[\/vc_column_text][\/vc_column][vc_column width=\u00a0\u00bb1\/2&Prime;][vc_single_image image=\u00a0\u00bb7827&Prime; img_size=\u00a0\u00bbfull\u00a0\u00bb alignment=\u00a0\u00bbcenter\u00a0\u00bb css=\u00a0\u00bb.vc_custom_1675338779906{margin-top: 40% !important;}\u00a0\u00bb el_class=\u00a0\u00bbswap-on-mobile\u00a0\u00bb][\/vc_column][\/vc_row]<\/p>\n<\/section>","protected":false},"excerpt":{"rendered":"<p>[vc_row el_class=\u00a0\u00bbcustom-grid\u00a0\u00bb][vc_column width=\u00a0\u00bb1\/2&Prime;][vc_single_image image=\u00a0\u00bb7432&Prime; img_size=\u00a0\u00bbFull\u00a0\u00bb el_class=\u00a0\u00bbswap-on-mobile\u00a0\u00bb][\/vc_column][vc_column width=\u00a0\u00bb1\/2&Prime;][vc_column_text] Notre mission Aider les gens \u00e0 vivre des vies plus saines et plus heureuses. Aider les gens \u00e0 vivre des vies plus saines et plus heureuses. Aider \u00e0 am\u00e9liorer la vie gr\u00e2ce \u00e0 la puissance de la nutrition. Depuis plus de 20 ans, nous nous engageons \u00e0 d\u00e9velopper des produits innovants pour aider les gens \u00e0 atteindre leur plein potentiel \u00e0 chaque \u00e9tape de leur vie. Notre Vision \u00catre un leader de confiance dans la transformation de la pratique des soins de sant\u00e9. leader sur le march\u00e9 de la nutrition, o\u00f9 nous nourrissons ceux qui ont besoin de soins suppl\u00e9mentaires, comblons les lacunes nutritionnelles et proposons des produits innovants pour un avenir plus sain.[\/vc_column_text][\/vc_column][\/vc_row][vc_row el_class=\u00a0\u00bbswap-on-mobile\u00a0\u00bb][vc_column width=\u00a0\u00bb1\/2&Prime;][vc_separator color=\u00a0\u00bbwhite\u00a0\u00bb border_width=\u00a0\u00bb8&Prime;][vc_column_text] Nos valeurs Chez BIOPHARMA EGYPT S.A.E, nous avons introduit des valeurs qui d\u00e9crivent les comportements professionnels que nous attendons de nos employ\u00e9s. Ces valeurs font [&hellip;]<\/p>\n","protected":false},"author":1,"featured_media":0,"parent":0,"menu_order":0,"comment_status":"closed","ping_status":"closed","template":"","meta":[],"yoast_head":"<!-- This site is optimized with the Yoast SEO plugin v20.0 - https:\/\/yoast.com\/wordpress\/plugins\/seo\/ -->\n<title>Notre communaut\u00e9 - BIOPHARMA EGYPT<\/title>\n<meta name=\"robots\" content=\"index, follow, max-snippet:-1, max-image-preview:large, max-video-preview:-1\" \/>\n<link rel=\"canonical\" href=\"https:\/\/biophe.com\/fr\/our-community\/\" \/>\n<meta property=\"og:locale\" content=\"fr_FR\" \/>\n<meta property=\"og:type\" content=\"article\" \/>\n<meta property=\"og:title\" content=\"Notre communaut\u00e9 - BIOPHARMA EGYPT\" \/>\n<meta property=\"og:description\" content=\"[vc_row el_class=\u00a0\u00bbcustom-grid\u00a0\u00bb][vc_column width=\u00a0\u00bb1\/2&Prime;][vc_single_image image=\u00a0\u00bb7432&Prime; img_size=\u00a0\u00bbFull\u00a0\u00bb el_class=\u00a0\u00bbswap-on-mobile\u00a0\u00bb][\/vc_column][vc_column width=\u00a0\u00bb1\/2&Prime;][vc_column_text] Notre mission Aider les gens \u00e0 vivre des vies plus saines et plus heureuses. Aider les gens \u00e0 vivre des vies plus saines et plus heureuses. Aider \u00e0 am\u00e9liorer la vie gr\u00e2ce \u00e0 la puissance de la nutrition. Depuis plus de 20 ans, nous nous engageons \u00e0 d\u00e9velopper des produits innovants pour aider les gens \u00e0 atteindre leur plein potentiel \u00e0 chaque \u00e9tape de leur vie. Notre Vision \u00catre un leader de confiance dans la transformation de la pratique des soins de sant\u00e9. leader sur le march\u00e9 de la nutrition, o\u00f9 nous nourrissons ceux qui ont besoin de soins suppl\u00e9mentaires, comblons les lacunes nutritionnelles et proposons des produits innovants pour un avenir plus sain.[\/vc_column_text][\/vc_column][\/vc_row][vc_row el_class=\u00a0\u00bbswap-on-mobile\u00a0\u00bb][vc_column width=\u00a0\u00bb1\/2&Prime;][vc_separator color=\u00a0\u00bbwhite\u00a0\u00bb border_width=\u00a0\u00bb8&Prime;][vc_column_text] Nos valeurs Chez BIOPHARMA EGYPT S.A.E, nous avons introduit des valeurs qui d\u00e9crivent les comportements professionnels que nous attendons de nos employ\u00e9s. Ces valeurs font [&hellip;]\" \/>\n<meta property=\"og:url\" content=\"https:\/\/biophe.com\/fr\/our-community\/\" \/>\n<meta property=\"og:site_name\" content=\"BIOPHARMA EGYPT\" \/>\n<meta property=\"article:modified_time\" content=\"2026-01-06T11:03:36+00:00\" \/>\n<meta name=\"twitter:card\" content=\"summary_large_image\" \/>\n<meta name=\"twitter:label1\" content=\"Dur\u00e9e de lecture estim\u00e9e\" \/>\n\t<meta name=\"twitter:data1\" content=\"2 minutes\" \/>\n<script type=\"application\/ld+json\" class=\"yoast-schema-graph\">{\"@context\":\"https:\/\/schema.org\",\"@graph\":[{\"@type\":\"WebPage\",\"@id\":\"https:\/\/biophe.com\/fr\/our-community\/\",\"url\":\"https:\/\/biophe.com\/fr\/our-community\/\",\"name\":\"Notre communaut\u00e9 - BIOPHARMA EGYPT\",\"isPartOf\":{\"@id\":\"https:\/\/biophe.com\/fr\/#website\"},\"datePublished\":\"2022-10-20T12:54:06+00:00\",\"dateModified\":\"2026-01-06T11:03:36+00:00\",\"breadcrumb\":{\"@id\":\"https:\/\/biophe.com\/fr\/our-community\/#breadcrumb\"},\"inLanguage\":\"fr-FR\",\"potentialAction\":[{\"@type\":\"ReadAction\",\"target\":[\"https:\/\/biophe.com\/fr\/our-community\/\"]}]},{\"@type\":\"BreadcrumbList\",\"@id\":\"https:\/\/biophe.com\/fr\/our-community\/#breadcrumb\",\"itemListElement\":[{\"@type\":\"ListItem\",\"position\":1,\"name\":\"Accueil\",\"item\":\"https:\/\/biophe.com\/fr\/\"},{\"@type\":\"ListItem\",\"position\":2,\"name\":\"Notre communaut\u00e9\"}]},{\"@type\":\"WebSite\",\"@id\":\"https:\/\/biophe.com\/fr\/#website\",\"url\":\"https:\/\/biophe.com\/fr\/\",\"name\":\"BIOPHARMA EGYPT\",\"description\":\"\",\"publisher\":{\"@id\":\"https:\/\/biophe.com\/fr\/#organization\"},\"potentialAction\":[{\"@type\":\"SearchAction\",\"target\":{\"@type\":\"EntryPoint\",\"urlTemplate\":\"https:\/\/biophe.com\/fr\/?s={search_term_string}\"},\"query-input\":\"required name=search_term_string\"}],\"inLanguage\":\"fr-FR\"},{\"@type\":\"Organization\",\"@id\":\"https:\/\/biophe.com\/fr\/#organization\",\"name\":\"BIOPHARMA EGYPT\",\"url\":\"https:\/\/biophe.com\/fr\/\",\"logo\":{\"@type\":\"ImageObject\",\"inLanguage\":\"fr-FR\",\"@id\":\"https:\/\/biophe.com\/fr\/#\/schema\/logo\/image\/\",\"url\":\"https:\/\/biophe.com\/wp-content\/uploads\/2017\/07\/cropped-33221538_1249950148473824_5904636054022914048_n.png\",\"contentUrl\":\"https:\/\/biophe.com\/wp-content\/uploads\/2017\/07\/cropped-33221538_1249950148473824_5904636054022914048_n.png\",\"width\":512,\"height\":512,\"caption\":\"BIOPHARMA EGYPT\"},\"image\":{\"@id\":\"https:\/\/biophe.com\/fr\/#\/schema\/logo\/image\/\"}}]}<\/script>\n<!-- \/ Yoast SEO plugin. -->","yoast_head_json":{"title":"Notre communaut\u00e9 - BIOPHARMA EGYPT","robots":{"index":"index","follow":"follow","max-snippet":"max-snippet:-1","max-image-preview":"max-image-preview:large","max-video-preview":"max-video-preview:-1"},"canonical":"https:\/\/biophe.com\/fr\/our-community\/","og_locale":"fr_FR","og_type":"article","og_title":"Notre communaut\u00e9 - BIOPHARMA EGYPT","og_description":"[vc_row el_class=\u00a0\u00bbcustom-grid\u00a0\u00bb][vc_column width=\u00a0\u00bb1\/2&Prime;][vc_single_image image=\u00a0\u00bb7432&Prime; img_size=\u00a0\u00bbFull\u00a0\u00bb el_class=\u00a0\u00bbswap-on-mobile\u00a0\u00bb][\/vc_column][vc_column width=\u00a0\u00bb1\/2&Prime;][vc_column_text] Notre mission Aider les gens \u00e0 vivre des vies plus saines et plus heureuses. Aider les gens \u00e0 vivre des vies plus saines et plus heureuses. Aider \u00e0 am\u00e9liorer la vie gr\u00e2ce \u00e0 la puissance de la nutrition. Depuis plus de 20 ans, nous nous engageons \u00e0 d\u00e9velopper des produits innovants pour aider les gens \u00e0 atteindre leur plein potentiel \u00e0 chaque \u00e9tape de leur vie. Notre Vision \u00catre un leader de confiance dans la transformation de la pratique des soins de sant\u00e9. leader sur le march\u00e9 de la nutrition, o\u00f9 nous nourrissons ceux qui ont besoin de soins suppl\u00e9mentaires, comblons les lacunes nutritionnelles et proposons des produits innovants pour un avenir plus sain.[\/vc_column_text][\/vc_column][\/vc_row][vc_row el_class=\u00a0\u00bbswap-on-mobile\u00a0\u00bb][vc_column width=\u00a0\u00bb1\/2&Prime;][vc_separator color=\u00a0\u00bbwhite\u00a0\u00bb border_width=\u00a0\u00bb8&Prime;][vc_column_text] Nos valeurs Chez BIOPHARMA EGYPT S.A.E, nous avons introduit des valeurs qui d\u00e9crivent les comportements professionnels que nous attendons de nos employ\u00e9s. Ces valeurs font [&hellip;]","og_url":"https:\/\/biophe.com\/fr\/our-community\/","og_site_name":"BIOPHARMA EGYPT","article_modified_time":"2026-01-06T11:03:36+00:00","twitter_card":"summary_large_image","twitter_misc":{"Dur\u00e9e de lecture estim\u00e9e":"2 minutes"},"schema":{"@context":"https:\/\/schema.org","@graph":[{"@type":"WebPage","@id":"https:\/\/biophe.com\/fr\/our-community\/","url":"https:\/\/biophe.com\/fr\/our-community\/","name":"Notre communaut\u00e9 - BIOPHARMA EGYPT","isPartOf":{"@id":"https:\/\/biophe.com\/fr\/#website"},"datePublished":"2022-10-20T12:54:06+00:00","dateModified":"2026-01-06T11:03:36+00:00","breadcrumb":{"@id":"https:\/\/biophe.com\/fr\/our-community\/#breadcrumb"},"inLanguage":"fr-FR","potentialAction":[{"@type":"ReadAction","target":["https:\/\/biophe.com\/fr\/our-community\/"]}]},{"@type":"BreadcrumbList","@id":"https:\/\/biophe.com\/fr\/our-community\/#breadcrumb","itemListElement":[{"@type":"ListItem","position":1,"name":"Accueil","item":"https:\/\/biophe.com\/fr\/"},{"@type":"ListItem","position":2,"name":"Notre communaut\u00e9"}]},{"@type":"WebSite","@id":"https:\/\/biophe.com\/fr\/#website","url":"https:\/\/biophe.com\/fr\/","name":"BIOPHARMA EGYPT","description":"","publisher":{"@id":"https:\/\/biophe.com\/fr\/#organization"},"potentialAction":[{"@type":"SearchAction","target":{"@type":"EntryPoint","urlTemplate":"https:\/\/biophe.com\/fr\/?s={search_term_string}"},"query-input":"required name=search_term_string"}],"inLanguage":"fr-FR"},{"@type":"Organization","@id":"https:\/\/biophe.com\/fr\/#organization","name":"BIOPHARMA EGYPT","url":"https:\/\/biophe.com\/fr\/","logo":{"@type":"ImageObject","inLanguage":"fr-FR","@id":"https:\/\/biophe.com\/fr\/#\/schema\/logo\/image\/","url":"https:\/\/biophe.com\/wp-content\/uploads\/2017\/07\/cropped-33221538_1249950148473824_5904636054022914048_n.png","contentUrl":"https:\/\/biophe.com\/wp-content\/uploads\/2017\/07\/cropped-33221538_1249950148473824_5904636054022914048_n.png","width":512,"height":512,"caption":"BIOPHARMA EGYPT"},"image":{"@id":"https:\/\/biophe.com\/fr\/#\/schema\/logo\/image\/"}}]}},"_links":{"self":[{"href":"https:\/\/biophe.com\/fr\/wp-json\/wp\/v2\/pages\/9651"}],"collection":[{"href":"https:\/\/biophe.com\/fr\/wp-json\/wp\/v2\/pages"}],"about":[{"href":"https:\/\/biophe.com\/fr\/wp-json\/wp\/v2\/types\/page"}],"author":[{"embeddable":true,"href":"https:\/\/biophe.com\/fr\/wp-json\/wp\/v2\/users\/1"}],"replies":[{"embeddable":true,"href":"https:\/\/biophe.com\/fr\/wp-json\/wp\/v2\/comments?post=9651"}],"version-history":[{"count":5,"href":"https:\/\/biophe.com\/fr\/wp-json\/wp\/v2\/pages\/9651\/revisions"}],"predecessor-version":[{"id":11503,"href":"https:\/\/biophe.com\/fr\/wp-json\/wp\/v2\/pages\/9651\/revisions\/11503"}],"wp:attachment":[{"href":"https:\/\/biophe.com\/fr\/wp-json\/wp\/v2\/media?parent=9651"}],"curies":[{"name":"wp","href":"https:\/\/api.w.org\/{rel}","templated":true}]}}